{"id":2,"date":"2024-12-25T10:36:17","date_gmt":"2024-12-25T10:36:17","guid":{"rendered":"https:\/\/ttstufting.com.tr\/?page_id=2"},"modified":"2025-08-05T10:17:28","modified_gmt":"2025-08-05T10:17:28","slug":"anasayfa","status":"publish","type":"page","link":"https:\/\/www.ttstufting.com.tr\/ar\/","title":{"rendered":"\u0627\u0644\u0635\u0641\u062d\u0629 \u0627\u0644\u0631\u0626\u064a\u0633\u064a\u0629"},"content":{"rendered":"<h3>\u062a\u0635\u0645\u064a\u0645 \u062d\u0633\u0628 \u0627\u0644\u0637\u0644\u0628<\/h3>\t\t\t\t\r\n\t\t\t\t\t<p>\u0646\u0642\u062f\u0645 \u062e\u062f\u0645\u0627\u062a \u062a\u0635\u0645\u064a\u0645 \u0645\u062e\u0635\u0635\u0629 \u0644\u062c\u0645\u064a\u0639 \u0622\u0644\u0627\u062a \u0627\u0644\u062a\u0641\u062a\u064a\u0644 \u0627\u0644\u0645\u0633\u062a\u062e\u062f\u0645\u0629 \u0641\u064a \u0635\u0646\u0627\u0639\u0629 \u0627\u0644\u0633\u062c\u0627\u062f \u0648\u0627\u0644\u0645\u0646\u0633\u0648\u062c\u0627\u062a\u060c \u0645\u0635\u0645\u0645\u0629 \u062e\u0635\u064a\u0635\u064b\u0627 \u0644\u062a\u0644\u0628\u064a\u0629 \u0627\u062d\u062a\u064a\u0627\u062c\u0627\u062a \u0627\u0644\u0639\u0645\u0644\u0627\u0621 \u0627\u0644\u0645\u062d\u062f\u062f\u0629.<\/p>\r\n\t\t<h3>\u0627\u0644\u0625\u0646\u062a\u0627\u062c \u0648\u0627\u0644\u062a\u0635\u0646\u064a\u0639<\/h3>\t\t\t\t\r\n\t\t\t\t\t<p>\u0646\u0642\u0648\u0645 \u0628\u062a\u0646\u0641\u064a\u0630 \u062c\u0645\u064a\u0639 \u0639\u0645\u0644\u064a\u0627\u062a \u0625\u0646\u062a\u0627\u062c \u0622\u0644\u0627\u062a \u0627\u0644\u062a\u0641\u062a\u064a\u0644 \u0627\u0644\u0635\u0646\u0627\u0639\u064a\u0629 \u0641\u064a \u0645\u0646\u0634\u0622\u062a\u0646\u0627 \u0627\u0644\u062e\u0627\u0635\u0629\u060c \u0648\u0641\u0642\u064b\u0627 \u0644\u0645\u0639\u0627\u064a\u064a\u0631 \u0647\u0646\u062f\u0633\u064a\u0629 \u0639\u0627\u0644\u064a\u0629.<\/p>\r\n\t\t<h3>\u0627\u0644\u062a\u0631\u0643\u064a\u0628 \u0648\u0627\u0644\u0635\u064a\u0627\u0646\u0629<\/h3>\t\t\t\t\r\n\t\t\t\t\t<p>\u0646\u062d\u0646 \u0644\u0627 \u0646\u0635\u0646\u0639 \u0622\u0644\u0627\u062a \u0639\u0627\u0644\u064a\u0629 \u0627\u0644\u062c\u0648\u062f\u0629 \u0641\u062d\u0633\u0628\u060c \u0628\u0644 \u0646\u0642\u0641 \u0625\u0644\u0649 \u062c\u0627\u0646\u0628\u0643\u0645 \u0637\u0648\u0627\u0644 \u0639\u0645\u0644\u064a\u0629 \u0627\u0644\u062e\u062f\u0645\u0629 \u0628\u0623\u0643\u0645\u0644\u0647\u0627\u060c \u0628\u062f\u0621\u064b\u0627 \u0645\u0646 \u0627\u0644\u062a\u0631\u0643\u064a\u0628 \u0641\u0635\u0627\u0639\u062f\u064b\u0627.<\/p>\r\n\t\t\t\t<img loading=\"lazy\" decoding=\"async\" src=\"https:\/\/www.ttstufting.com.tr\/wp-content\/uploads\/2025\/07\/kurumsal-1.webp\" alt=\"kurumsal (1)\" itemprop=\"image\" height=\"600\" width=\"600\" title=\"kurumsal (1)\" onerror=\"this.style.display='none'\"  \/>\r\n<h2>\r\n\t\tTTS TUFT\u0130NG\r\n\t<\/h2>\r\n<h2 class=\" translation-block\"><span class=\"fl-heading-text\">\u0634\u0631\u064a\u0643\u0643 \u0627\u0644\u0645\u0648\u062b\u0648\u0642 \u0641\u064a \u062a\u0643\u0646\u0648\u0644\u0648\u062c\u064a\u0627 \u0627\u0644\u062a\u0641\u062a\u064a\u0644<\/span><\/h2>\r\n\t<p>\u0634\u0631\u0643\u0629 TTS Tufting \u0647\u064a \u0634\u0631\u0643\u0629 \u0647\u0646\u062f\u0633\u064a\u0629 \u0645\u062a\u062e\u0635\u0635\u0629 \u0641\u064a \u0622\u0644\u0627\u062a \u0627\u0644\u062a\u0641\u062a\u064a\u0644 \u0627\u0644\u0645\u0633\u062a\u062e\u062f\u0645\u0629 \u0641\u064a \u0635\u0646\u0627\u0639\u0627\u062a \u0627\u0644\u0633\u062c\u0627\u062f \u0648\u0627\u0644\u0646\u0633\u064a\u062c. \u062a\u0634\u0645\u0644 \u062e\u062f\u0645\u0627\u062a\u0646\u0627 \u0628\u064a\u0639 \u0622\u0644\u0627\u062a \u0627\u0644\u062a\u0641\u062a\u064a\u0644 \u0648\u062a\u062d\u062f\u064a\u062b\u0647\u0627 (\u0625\u0639\u0627\u062f\u0629 \u062a\u0623\u0647\u064a\u0644\u0647\u0627) \u0648\u062a\u0642\u062f\u064a\u0645 \u0627\u0644\u062e\u062f\u0645\u0627\u062a \u0627\u0644\u0641\u0646\u064a\u0629 \u0644\u0647\u0627 \u0648\u062a\u0648\u0641\u064a\u0631 \u0642\u0637\u0639 \u0627\u0644\u063a\u064a\u0627\u0631.<\/p>\r\n<p>\u0628\u0641\u0636\u0644 \u062e\u0628\u0631\u062a\u0646\u0627 \u0648\u0643\u0641\u0627\u0621\u062a\u0646\u0627 \u0627\u0644\u0641\u0646\u064a\u0629 \u0641\u064a \u0647\u0630\u0627 \u0627\u0644\u0642\u0637\u0627\u0639\u060c \u0646\u0633\u0627\u0647\u0645 \u0641\u064a \u062c\u0639\u0644 \u0639\u0645\u0644\u064a\u0627\u062a \u0627\u0644\u0625\u0646\u062a\u0627\u062c \u0644\u062f\u0649 \u0639\u0645\u0644\u0627\u0626\u0646\u0627 \u0623\u0643\u062b\u0631 \u0643\u0641\u0627\u0621\u0629 \u0648\u0645\u0648\u062b\u0648\u0642\u064a\u0629 \u0648\u0627\u0633\u062a\u062f\u0627\u0645\u0629. \u0646\u062a\u0639\u0627\u0645\u0644 \u0645\u0639 \u0643\u0644 \u0645\u0634\u0631\u0648\u0639 \u0628\u0645\u0639\u0631\u0641\u0629 \u0645\u064a\u062f\u0627\u0646\u064a\u0629 \u0645\u0643\u062a\u0633\u0628\u0629 \u0648\u0645\u0646\u0647\u062c\u064a\u0629 \u0647\u0646\u062f\u0633\u064a\u0629 \u062f\u0642\u064a\u0642\u0629\u060c \u0644\u0646\u0637\u0648\u0631 \u062d\u0644\u0648\u0644\u0627\u064b \u0645\u0635\u0645\u0645\u0629 \u062e\u0635\u064a\u0635\u0627\u064b \u0644\u062a\u0644\u0628\u064a\u0629 \u0627\u062d\u062a\u064a\u0627\u062c\u0627\u062a \u0639\u0645\u0644\u0627\u0626\u0646\u0627.<\/p>\r\n\t\t\t<a href=\"\" target=\"_self\">\r\n\t\t\t\t\t\t\t\u0627\u0642\u0631\u0623 \u0627\u0644\u0645\u0632\u064a\u062f\r\n\t\t\t\t\t<\/a>\r\n<h2>\r\n\t\t\u0623\u0646\u0648\u0627\u0639 \u0627\u0644\u0622\u0644\u0627\u062a\r\n\t<\/h2>\r\n\t\t<h3>\u0622\u0644\u0627\u062a \u0646\u0633\u062c \u0627\u0644\u0639\u0634\u0628 \u0627\u0644\u0635\u0646\u0627\u0639\u064a<\/h3>\t\t\t\t\r\n\t\t\t\t\t<p>\u0646\u0642\u0648\u0645 \u0628\u062a\u0637\u0648\u064a\u0631 \u062d\u0644\u0648\u0644 \u0645\u062e\u0635\u0635\u0629 \u0648\u0639\u0627\u0644\u064a\u0629 \u0627\u0644\u0643\u0641\u0627\u0621\u0629 \u0644\u0622\u0644\u0627\u062a \u0627\u0644\u062a\u0641\u062a\u064a\u0644 \u0627\u0644\u0645\u0633\u062a\u062e\u062f\u0645\u0629 \u0641\u064a \u0625\u0646\u062a\u0627\u062c \u0627\u0644\u0639\u0634\u0628 \u0627\u0644\u0635\u0646\u0627\u0639\u064a \u0644\u0644\u0645\u0644\u0627\u0639\u0628 \u0627\u0644\u0631\u064a\u0627\u0636\u064a\u0629.<\/p>\r\n\t\t\t<a href=\"https:\/\/www.ttstufting.com.tr\/ar\/makine-turleri\/suni-cim-tufting-makineleri\/\" title=\"Click Here\" target=\"_self\"   role=\"button\" aria-label=\"\u062a\u0635\u0641\u062d\">\r\n\t\t\t\t\t\t\t\u062a\u0635\u0641\u062d\r\n\t\t<\/a>\r\n\t\t<h3>\u0622\u0644\u0627\u062a \u0646\u0633\u062c \u0627\u0644\u0633\u062c\u0627\u062f \u0627\u0644\u0645\u0646\u0632\u0644\u064a\u0629<\/h3>\t\t\t\t\r\n\t\t\t\t\t<p>\u064a\u0646\u0628\u063a\u064a \u0623\u0646 \u062a\u0644\u0628\u064a \u0627\u0644\u0633\u062c\u0627\u062f\u0627\u062a \u0627\u0644\u0645\u062e\u0635\u0635\u0629 \u0644\u0644\u0627\u0633\u062a\u062e\u062f\u0627\u0645 \u0627\u0644\u0645\u0646\u0632\u0644\u064a \u062a\u0648\u0642\u0639\u0627\u062a \u0645\u062b\u0644 \u0627\u0644\u0646\u0639\u0648\u0645\u0629 \u0648\u0627\u0644\u0623\u0646\u0645\u0627\u0637 \u0627\u0644\u063a\u0646\u064a\u0629 \u0648\u0627\u0644\u0645\u062a\u0627\u0646\u0629.<\/p>\r\n\t\t\t<a href=\"https:\/\/www.ttstufting.com.tr\/ar\/makine-turleri\/ev-tipi-hali-tufting-makineleri\/\" title=\"Click Here\" target=\"_self\"   role=\"button\" aria-label=\"\u062a\u0635\u0641\u062d\">\r\n\t\t\t\t\t\t\t\u062a\u0635\u0641\u062d\r\n\t\t<\/a>\r\n\t\t<h3>\u0622\u0644\u0627\u062a \u0646\u0633\u062c \u0633\u062c\u0627\u062f \u0627\u0644\u0633\u064a\u0627\u0631\u0627\u062a<\/h3>\t\t\t\t\r\n\t\t\t\t\t<p>\u0646\u0642\u062f\u0645 \u0622\u0644\u0627\u062a \u0646\u0633\u062c \u0645\u062e\u0635\u0635\u0629 \u0644\u0625\u0646\u062a\u0627\u062c \u0627\u0644\u0633\u062c\u0627\u062f \u0627\u0644\u062f\u0627\u062e\u0644\u064a\u060c \u0648\u0628\u0637\u0627\u0646\u0627\u062a \u0635\u0646\u062f\u0648\u0642 \u0627\u0644\u0633\u064a\u0627\u0631\u0629\u060c \u0648\u0623\u063a\u0637\u064a\u0629 \u0627\u0644\u0623\u0631\u0636\u064a\u0627\u062a \u0644\u0635\u0646\u0627\u0639\u0629 \u0627\u0644\u0633\u064a\u0627\u0631\u0627\u062a.<\/p>\r\n\t\t\t<a href=\"https:\/\/www.ttstufting.com.tr\/ar\/makine-turleri\/otomotiv-halisi-tufting-makineleri\/\" title=\"Click Here\" target=\"_self\"   role=\"button\" aria-label=\"\u062a\u0635\u0641\u062d\">\r\n\t\t\t\t\t\t\t\u062a\u0635\u0641\u062d\r\n\t\t<\/a>\r\n\t\t<h3>\u0622\u0644\u0627\u062a \u0646\u0633\u062c \u0627\u0644\u0633\u062c\u0627\u062f \u0627\u0644\u0635\u0646\u0627\u0639\u064a\u0629<\/h3>\t\t\t\t\r\n\t\t\t\t\t<p>\u064a\u062c\u0628 \u0623\u0646 \u062a\u0633\u062a\u0648\u0641\u064a \u0645\u0639\u0627\u064a\u064a\u0631 \u0627\u0644\u0623\u062f\u0627\u0621 \u0627\u0644\u062d\u0627\u0633\u0645\u0629 \u0645\u062b\u0644 \u0627\u0644\u0645\u062a\u0627\u0646\u0629\u060c \u0648\u0645\u0642\u0627\u0648\u0645\u0629 \u062d\u0631\u0643\u0629 \u0645\u0631\u0648\u0631 \u0627\u0644\u0645\u0634\u0627\u0629 \u0627\u0644\u0643\u062b\u064a\u0641\u0629\u060c \u0648\u0627\u0644\u0639\u0645\u0631 \u0627\u0644\u0637\u0648\u064a\u0644.<\/p>\r\n\t\t\t<a href=\"https:\/\/www.ttstufting.com.tr\/ar\/makine-turleri\/endustriyel-hali-tufting-makineleri\/\" title=\"Click Here\" target=\"_self\"   role=\"button\" aria-label=\"\u062a\u0635\u0641\u062d\">\r\n\t\t\t\t\t\t\t\u062a\u0635\u0641\u062d\r\n\t\t<\/a>\r\n<h2>\r\n\t\t\u0645\u0646 \u0623\u064a\u0646\u061f <br \/> TTS Tufting\r\n\t<\/h2>\r\n\t<strong>-Uzmanl\u0131k ve Tecr\u00fcbe<\/strong><br \/>\r\nHal\u0131 tufting makineleri konusunda y\u0131llara dayanan sekt\u00f6rel bilgi ve teknik uzmanl\u0131kla, her ihtiyaca \u00f6zel \u00e7\u00f6z\u00fcmler sunuyoruz.\r\n<strong>-H\u0131zl\u0131 ve G\u00fcvenilir Hizmet<\/strong><br \/>\r\nKurulumdan bak\u0131ma, ar\u0131za m\u00fcdahalesinden yedek par\u00e7a teminine kadar her ad\u0131mda h\u0131zl\u0131, planl\u0131 ve g\u00fcvenilir destek sa\u011fl\u0131yoruz.\r\n<strong>-Kaliteli Par\u00e7a ve Ekipman Tedari\u011fi<\/strong><br \/>\r\nTedarik etti\u011fimiz t\u00fcm yedek par\u00e7alar, uzun \u00f6m\u00fcrl\u00fc kullan\u0131m ve y\u00fcksek performans garantisiyle sunulur.\r\n<strong>-M\u00fc\u015fteri Odakl\u0131 Yakla\u015f\u0131m<\/strong><br \/>\r\n\u0130htiya\u00e7lar\u0131n\u0131za \u00f6zel \u00e7\u00f6z\u00fcmler geli\u015ftirir, \u00fcretim s\u00fcre\u00e7lerinizin kesintisiz devam\u0131 i\u00e7in yan\u0131n\u0131zda oluruz.","protected":false},"excerpt":{"rendered":"<p>\u00d6zel Tasar\u0131m Hal\u0131 ve tekstil sekt\u00f6r\u00fcne y\u00f6nelik t\u00fcm tufting makineleri i\u00e7in m\u00fc\u015fteri ihtiya\u00e7lar\u0131na \u00f6zel tasar\u0131m hizmeti sunuyoruz. \u00dcretim ve \u0130malat [&hellip;]<\/p>","protected":false},"author":1,"featured_media":0,"parent":0,"menu_order":0,"comment_status":"closed","ping_status":"open","template":"","meta":{"site-sidebar-layout":"default","site-content-layout":"","ast-site-content-layout":"default","site-content-style":"default","site-sidebar-style":"default","ast-global-header-display":"","ast-banner-title-visibility":"","ast-main-header-display":"","ast-hfb-above-header-display":"","ast-hfb-below-header-display":"","ast-hfb-mobile-header-display":"","site-post-title":"","ast-breadcrumbs-content":"","ast-featured-img":"","footer-sml-layout":"","theme-transparent-header-meta":"default","adv-header-id-meta":"","stick-header-meta":"default","header-above-stick-meta":"","header-main-stick-meta":"","header-below-stick-meta":"","astra-migrate-meta-layouts":"set","ast-page-background-enabled":"default","ast-page-background-meta":{"desktop":{"background-color":"var(--ast-global-color-4)","background-image":"","background-repeat":"repeat","background-position":"center center","background-size":"auto","background-attachment":"scroll","background-type":"","background-media":"","overlay-type":"","overlay-color":"","overlay-opacity":"","overlay-gradient":""},"tablet":{"background-color":"","background-image":"","background-repeat":"repeat","background-position":"center center","background-size":"auto","background-attachment":"scroll","background-type":"","background-media":"","overlay-type":"","overlay-color":"","overlay-opacity":"","overlay-gradient":""},"mobile":{"background-color":"","background-image":"","background-repeat":"repeat","background-position":"center center","background-size":"auto","background-attachment":"scroll","background-type":"","background-media":"","overlay-type":"","overlay-color":"","overlay-opacity":"","overlay-gradient":""}},"ast-content-background-meta":{"desktop":{"background-color":"var(--ast-global-color-5)","background-image":"","background-repeat":"repeat","background-position":"center center","background-size":"auto","background-attachment":"scroll","background-type":"","background-media":"","overlay-type":"","overlay-color":"","overlay-opacity":"","overlay-gradient":""},"tablet":{"background-color":"var(--ast-global-color-5)","background-image":"","background-repeat":"repeat","background-position":"center center","background-size":"auto","background-attachment":"scroll","background-type":"","background-media":"","overlay-type":"","overlay-color":"","overlay-opacity":"","overlay-gradient":""},"mobile":{"background-color":"var(--ast-global-color-5)","background-image":"","background-repeat":"repeat","background-position":"center center","background-size":"auto","background-attachment":"scroll","background-type":"","background-media":"","overlay-type":"","overlay-color":"","overlay-opacity":"","overlay-gradient":""}},"footnotes":""},"class_list":["post-2","page","type-page","status-publish","hentry"],"_links":{"self":[{"href":"https:\/\/www.ttstufting.com.tr\/ar\/wp-json\/wp\/v2\/pages\/2","targetHints":{"allow":["GET"]}}],"collection":[{"href":"https:\/\/www.ttstufting.com.tr\/ar\/wp-json\/wp\/v2\/pages"}],"about":[{"href":"https:\/\/www.ttstufting.com.tr\/ar\/wp-json\/wp\/v2\/types\/page"}],"author":[{"embeddable":true,"href":"https:\/\/www.ttstufting.com.tr\/ar\/wp-json\/wp\/v2\/users\/1"}],"replies":[{"embeddable":true,"href":"https:\/\/www.ttstufting.com.tr\/ar\/wp-json\/wp\/v2\/comments?post=2"}],"version-history":[{"count":58,"href":"https:\/\/www.ttstufting.com.tr\/ar\/wp-json\/wp\/v2\/pages\/2\/revisions"}],"predecessor-version":[{"id":606,"href":"https:\/\/www.ttstufting.com.tr\/ar\/wp-json\/wp\/v2\/pages\/2\/revisions\/606"}],"wp:attachment":[{"href":"https:\/\/www.ttstufting.com.tr\/ar\/wp-json\/wp\/v2\/media?parent=2"}],"curies":[{"name":"wp","href":"https:\/\/api.w.org\/{rel}","templated":true}]}}