{"id":204,"date":"2024-12-29T16:42:15","date_gmt":"2024-12-29T16:42:15","guid":{"rendered":"https:\/\/ttstufting.com.tr\/?page_id=204"},"modified":"2025-09-22T07:34:55","modified_gmt":"2025-09-22T07:34:55","slug":"kurumsal","status":"publish","type":"page","link":"https:\/\/www.ttstufting.com.tr\/ar\/kurumsal\/","title":{"rendered":"\u0645\u0624\u0633\u0633\u064a"},"content":{"rendered":"<nav aria-label=\"breadcrumbs\"><p><a href=\"https:\/\/www.ttstufting.com.tr\/ar\/\">\u0627\u0644\u0635\u0641\u062d\u0629 \u0627\u0644\u0631\u0626\u064a\u0633\u064a\u0629<\/a> &#8211; Kurumsal<\/p><\/nav><h2>\n\t\tTTS TUFT\u0130NG\n\t<\/h2>\n<h2>\n\t\tTan\u0131t\u0131m Filmimizi \u0130zlediniz mi?\n\t<\/h2>\n\t\t\t<video src=\"https:\/\/www.ttstufting.com.tr\/wp-content\/uploads\/2025\/09\/tts.mp4\" controls=\"\" controlslist=\"nodownload\"><\/video>\n\t\t\t\t<img loading=\"lazy\" decoding=\"async\" src=\"https:\/\/www.ttstufting.com.tr\/wp-content\/uploads\/2025\/07\/kurumsal-1.webp\" alt=\"kurumsal (1)\" itemprop=\"image\" height=\"600\" width=\"600\" title=\"kurumsal (1)\" onerror=\"this.style.display='none'\"  \/>\n<h2>\n\t\tTTS TUFT\u0130NG\n\t<\/h2>\n<h2 class=\" translation-block\"><span class=\"fl-heading-text\">\u0634\u0631\u064a\u0643\u0643 \u0627\u0644\u0645\u0648\u062b\u0648\u0642 \u0641\u064a \u062a\u0643\u0646\u0648\u0644\u0648\u062c\u064a\u0627 \u0627\u0644\u062a\u0641\u062a\u064a\u0644<\/span><\/h2>\n\t<p>\u0634\u0631\u0643\u0629 TTS Tufting \u0647\u064a \u0634\u0631\u0643\u0629 \u0647\u0646\u062f\u0633\u064a\u0629 \u0645\u062a\u062e\u0635\u0635\u0629 \u0641\u064a \u0622\u0644\u0627\u062a \u0627\u0644\u062a\u0641\u062a\u064a\u0644 \u0627\u0644\u0645\u0633\u062a\u062e\u062f\u0645\u0629 \u0641\u064a \u0635\u0646\u0627\u0639\u0627\u062a \u0627\u0644\u0633\u062c\u0627\u062f \u0648\u0627\u0644\u0646\u0633\u064a\u062c. \u062a\u0634\u0645\u0644 \u062e\u062f\u0645\u0627\u062a\u0646\u0627 \u0628\u064a\u0639 \u0622\u0644\u0627\u062a \u0627\u0644\u062a\u0641\u062a\u064a\u0644 \u0648\u062a\u062d\u062f\u064a\u062b\u0647\u0627 (\u0625\u0639\u0627\u062f\u0629 \u062a\u0623\u0647\u064a\u0644\u0647\u0627) \u0648\u062a\u0642\u062f\u064a\u0645 \u0627\u0644\u062e\u062f\u0645\u0627\u062a \u0627\u0644\u0641\u0646\u064a\u0629 \u0644\u0647\u0627 \u0648\u062a\u0648\u0641\u064a\u0631 \u0642\u0637\u0639 \u0627\u0644\u063a\u064a\u0627\u0631.<\/p>\n<p>\u0628\u0641\u0636\u0644 \u062e\u0628\u0631\u062a\u0646\u0627 \u0648\u0643\u0641\u0627\u0621\u062a\u0646\u0627 \u0627\u0644\u0641\u0646\u064a\u0629 \u0641\u064a \u0647\u0630\u0627 \u0627\u0644\u0642\u0637\u0627\u0639\u060c \u0646\u0633\u0627\u0647\u0645 \u0641\u064a \u062c\u0639\u0644 \u0639\u0645\u0644\u064a\u0627\u062a \u0627\u0644\u0625\u0646\u062a\u0627\u062c \u0644\u062f\u0649 \u0639\u0645\u0644\u0627\u0626\u0646\u0627 \u0623\u0643\u062b\u0631 \u0643\u0641\u0627\u0621\u0629 \u0648\u0645\u0648\u062b\u0648\u0642\u064a\u0629 \u0648\u0627\u0633\u062a\u062f\u0627\u0645\u0629. \u0646\u062a\u0639\u0627\u0645\u0644 \u0645\u0639 \u0643\u0644 \u0645\u0634\u0631\u0648\u0639 \u0628\u0645\u0639\u0631\u0641\u0629 \u0645\u064a\u062f\u0627\u0646\u064a\u0629 \u0645\u0643\u062a\u0633\u0628\u0629 \u0648\u0645\u0646\u0647\u062c\u064a\u0629 \u0647\u0646\u062f\u0633\u064a\u0629 \u062f\u0642\u064a\u0642\u0629\u060c \u0644\u0646\u0637\u0648\u0631 \u062d\u0644\u0648\u0644\u0627\u064b \u0645\u0635\u0645\u0645\u0629 \u062e\u0635\u064a\u0635\u0627\u064b \u0644\u062a\u0644\u0628\u064a\u0629 \u0627\u062d\u062a\u064a\u0627\u062c\u0627\u062a \u0639\u0645\u0644\u0627\u0626\u0646\u0627.<\/p>\n<h2>\n\t\t\u00dcretim G\u00fcc\u00fcn\u00fcz\u00fc Yeniden Tan\u0131ml\u0131yoruz\n\t<\/h2>\n\t<p>Modern \u00fcretim tesislerinin en b\u00fcy\u00fck ihtiyac\u0131, kesintisiz \u00e7al\u0131\u015fan, verimli ve g\u00fcvenilir makinelerdir. TTS Tafting olarak, eskiyen veya performans\u0131 d\u00fc\u015fen tufting makinelerinizi g\u00fcn\u00fcm\u00fcz teknolojilerine entegre ederek verimlilik art\u0131\u015f\u0131, enerji tasarrufu ve bak\u0131m maliyetlerinde d\u00fc\u015f\u00fc\u015f sa\u011fl\u0131yoruz.<\/p>\n<p>Bunun yan\u0131nda, \u00fcretim hatt\u0131n\u0131za en uygun yeni makineleri sunarak i\u015fletmenizin ihtiya\u00e7lar\u0131na en uygun yat\u0131r\u0131m kararlar\u0131n\u0131 alman\u0131za yard\u0131mc\u0131 oluyoruz.<\/p>\n<p><strong>M\u00fc\u015fteri Odakl\u0131, Sonu\u00e7 Odakl\u0131<\/strong><\/p>\nBizim i\u00e7in her m\u00fc\u015fteri, uzun vadeli bir \u00e7\u00f6z\u00fcm orta\u011f\u0131d\u0131r. Bu nedenle:<br \/>\n\u2022 \u0130htiya\u00e7lar\u0131 dikkatle analiz ederiz,<br \/>\n\u2022 S\u00fcre\u00e7 boyunca \u015feffaf ve teknik olarak do\u011fru bilgi veririz,<br \/>\n\u2022 Sat\u0131\u015f sonras\u0131 teknik destekle kal\u0131c\u0131 memnuniyet sa\u011flar\u0131z.\n<p>Amac\u0131m\u0131z yaln\u0131zca makineleri \u00e7al\u0131\u015ft\u0131rmak de\u011fil, \u00fcretiminizi b\u00fcy\u00fcten \u00e7\u00f6z\u00fcmler sunmakt\u0131r.<\/p>\n<p><strong>TTS Tafting ile \u00dcretim Daha G\u00fc\u00e7l\u00fc<\/strong><\/p>\n<p>\u0130ster yeni bir yat\u0131r\u0131m, ister mevcut hatt\u0131n\u0131zda modernizasyon ihtiyac\u0131 olsun; TTS Tafting olarak size \u00f6zel \u00e7\u00f6z\u00fcmlerimizle yan\u0131n\u0131zday\u0131z.<\/p>\n<p>TTS Tafting &#8211; Teknolojiyi \u00fcretime ta\u015f\u0131yan m\u00fchendislik g\u00fcc\u00fc.<\/p>\n\t\t\t\t<img loading=\"lazy\" decoding=\"async\" src=\"https:\/\/www.ttstufting.com.tr\/wp-content\/uploads\/2025\/07\/kurumsal-1.webp\" alt=\"kurumsal (1)\" itemprop=\"image\" height=\"600\" width=\"600\" title=\"kurumsal (1)\" onerror=\"this.style.display='none'\"  \/>","protected":false},"excerpt":{"rendered":"<p>Anasayfa &#8211; Kurumsal TTS TUFT\u0130NG Tan\u0131t\u0131m Filmimizi \u0130zlediniz mi? TTS TUFT\u0130NG Tufting Teknolojisinde G\u00fcvenilir Orta\u011f\u0131n\u0131z TTS Tafting olarak, hal\u0131 ve [&hellip;]<\/p>","protected":false},"author":1,"featured_media":0,"parent":0,"menu_order":0,"comment_status":"closed","ping_status":"open","template":"","meta":{"site-sidebar-layout":"default","site-content-layout":"","ast-site-content-layout":"default","site-content-style":"default","site-sidebar-style":"default","ast-global-header-display":"","ast-banner-title-visibility":"","ast-main-header-display":"","ast-hfb-above-header-display":"","ast-hfb-below-header-display":"","ast-hfb-mobile-header-display":"","site-post-title":"","ast-breadcrumbs-content":"","ast-featured-img":"","footer-sml-layout":"","theme-transparent-header-meta":"default","adv-header-id-meta":"","stick-header-meta":"default","header-above-stick-meta":"","header-main-stick-meta":"","header-below-stick-meta":"","astra-migrate-meta-layouts":"set","ast-page-background-enabled":"default","ast-page-background-meta":{"desktop":{"background-color":"var(--ast-global-color-4)","background-image":"","background-repeat":"repeat","background-position":"center center","background-size":"auto","background-attachment":"scroll","background-type":"","background-media":"","overlay-type":"","overlay-color":"","overlay-opacity":"","overlay-gradient":""},"tablet":{"background-color":"","background-image":"","background-repeat":"repeat","background-position":"center center","background-size":"auto","background-attachment":"scroll","background-type":"","background-media":"","overlay-type":"","overlay-color":"","overlay-opacity":"","overlay-gradient":""},"mobile":{"background-color":"","background-image":"","background-repeat":"repeat","background-position":"center center","background-size":"auto","background-attachment":"scroll","background-type":"","background-media":"","overlay-type":"","overlay-color":"","overlay-opacity":"","overlay-gradient":""}},"ast-content-background-meta":{"desktop":{"background-color":"var(--ast-global-color-5)","background-image":"","background-repeat":"repeat","background-position":"center center","background-size":"auto","background-attachment":"scroll","background-type":"","background-media":"","overlay-type":"","overlay-color":"","overlay-opacity":"","overlay-gradient":""},"tablet":{"background-color":"var(--ast-global-color-5)","background-image":"","background-repeat":"repeat","background-position":"center center","background-size":"auto","background-attachment":"scroll","background-type":"","background-media":"","overlay-type":"","overlay-color":"","overlay-opacity":"","overlay-gradient":""},"mobile":{"background-color":"var(--ast-global-color-5)","background-image":"","background-repeat":"repeat","background-position":"center center","background-size":"auto","background-attachment":"scroll","background-type":"","background-media":"","overlay-type":"","overlay-color":"","overlay-opacity":"","overlay-gradient":""}},"footnotes":""},"class_list":["post-204","page","type-page","status-publish","hentry"],"_links":{"self":[{"href":"https:\/\/www.ttstufting.com.tr\/ar\/wp-json\/wp\/v2\/pages\/204","targetHints":{"allow":["GET"]}}],"collection":[{"href":"https:\/\/www.ttstufting.com.tr\/ar\/wp-json\/wp\/v2\/pages"}],"about":[{"href":"https:\/\/www.ttstufting.com.tr\/ar\/wp-json\/wp\/v2\/types\/page"}],"author":[{"embeddable":true,"href":"https:\/\/www.ttstufting.com.tr\/ar\/wp-json\/wp\/v2\/users\/1"}],"replies":[{"embeddable":true,"href":"https:\/\/www.ttstufting.com.tr\/ar\/wp-json\/wp\/v2\/comments?post=204"}],"version-history":[{"count":25,"href":"https:\/\/www.ttstufting.com.tr\/ar\/wp-json\/wp\/v2\/pages\/204\/revisions"}],"predecessor-version":[{"id":630,"href":"https:\/\/www.ttstufting.com.tr\/ar\/wp-json\/wp\/v2\/pages\/204\/revisions\/630"}],"wp:attachment":[{"href":"https:\/\/www.ttstufting.com.tr\/ar\/wp-json\/wp\/v2\/media?parent=204"}],"curies":[{"name":"wp","href":"https:\/\/api.w.org\/{rel}","templated":true}]}}