{"id":544,"date":"2025-07-30T23:23:14","date_gmt":"2025-07-30T23:23:14","guid":{"rendered":"https:\/\/www.ttstufting.com.tr\/?page_id=544"},"modified":"2025-07-31T01:07:38","modified_gmt":"2025-07-31T01:07:38","slug":"kurulum-ve-servis","status":"publish","type":"page","link":"https:\/\/www.ttstufting.com.tr\/ar\/hizmetlerimiz\/kurulum-ve-servis\/","title":{"rendered":"\u0627\u0644\u062a\u0631\u0643\u064a\u0628 \u0648\u0627\u0644\u0635\u064a\u0627\u0646\u0629"},"content":{"rendered":"<h2>\r\n\t\t\u0622\u0644\u062a\u0643 \u062c\u0627\u0647\u0632\u0629 \u0641\u064a \u0627\u0644\u0645\u0648\u0642\u0639\u060c \u0648\u0633\u064a\u0633\u062a\u0645\u0631 \u0625\u0646\u062a\u0627\u062c\u0643 \u062f\u0648\u0646 \u0627\u0646\u0642\u0637\u0627\u0639.\r\n\t<\/h2>\r\n\t<p>\u0641\u064a \u0634\u0631\u0643\u0629 TTS Tufting\u060c \u0644\u0627 \u0646\u0643\u062a\u0641\u064a \u0628\u062a\u0635\u0646\u064a\u0639 \u0622\u0644\u0627\u062a \u0639\u0627\u0644\u064a\u0629 \u0627\u0644\u062c\u0648\u062f\u0629\u060c \u0628\u0644 \u0646\u0631\u0627\u0641\u0642\u0643\u0645 \u0637\u0648\u0627\u0644 \u0639\u0645\u0644\u064a\u0629 \u0627\u0644\u062e\u062f\u0645\u0629 \u0628\u0623\u0643\u0645\u0644\u0647\u0627\u060c \u0628\u062f\u0621\u064b\u0627 \u0645\u0646 \u0627\u0644\u062a\u0631\u0643\u064a\u0628 \u0648\u062d\u062a\u0649 \u0627\u0644\u062a\u0633\u0644\u064a\u0645 \u0627\u0644\u0646\u0647\u0627\u0626\u064a. \u064a\u0642\u062f\u0645 \u0641\u0631\u064a\u0642\u0646\u0627 \u0627\u0644\u0641\u0646\u064a \u0627\u0644\u0645\u062a\u062e\u0635\u0635 \u062e\u062f\u0645\u0627\u062a \u0627\u0644\u062a\u0631\u0643\u064a\u0628 \u0648\u0627\u0644\u0635\u064a\u0627\u0646\u0629 \u0641\u064a \u0627\u0644\u0645\u0648\u0642\u0639 \u0644\u0636\u0645\u0627\u0646 \u062a\u0634\u063a\u064a\u0644 \u0622\u0644\u0627\u062a\u0643\u0645 \u0628\u0633\u0644\u0627\u0633\u0629 \u0648\u0643\u0641\u0627\u0621\u0629 \u0639\u0627\u0644\u064a\u0629.<\/p>\r\n<strong>Profesyonel Kurulum Hizmeti<\/strong><br \/>\r\nTeslim edilen her makinenin ilk kurulumu, TTS teknik ekibi taraf\u0131ndan yerinde ger\u00e7ekle\u015ftirilir. Kurulum s\u00fcrecinde a\u015fa\u011f\u0131daki hizmetleri sunar\u0131z:<br \/>\r\n\u2022 Sahaya \u00f6zel kurulum planlamas\u0131<br \/>\r\n\u2022 Mekanik ve elektrik montaj\u0131<br \/>\r\n\u2022 Operasyonel test ve kalibrasyon<br \/>\r\n\u2022 Operat\u00f6r e\u011fitimi ve g\u00fcvenlik bilgilendirmesi<br \/>\r\n\u2022 Kullan\u0131m ve bak\u0131m k\u0131lavuzu teslimi\r\n<strong>Periyodik Bak\u0131m ve Teknik Servis<\/strong><br \/>\r\nMakinenizin uzun \u00f6m\u00fcrl\u00fc, verimli ve g\u00fcvenli \u00e7al\u0131\u015fmas\u0131n\u0131 sa\u011flamak i\u00e7in d\u00fczenli bak\u0131m hizmetleri sunuyoruz. Periyodik kontroller, yedek par\u00e7a de\u011fi\u015fimleri ve a\u015f\u0131nan komponentlerin yenilenmesi gibi t\u00fcm ihtiya\u00e7lar profesyonelce kar\u015f\u0131lan\u0131r.\r\n<strong>Bak\u0131m hizmetlerimiz:<\/strong><br \/>\r\n\u2022 Y\u0131ll\u0131k servis anla\u015fmalar\u0131<br \/>\r\n\u2022 Yerinde bak\u0131m ve kontrol<br \/>\r\n\u2022 Uzaktan teknik destek<br \/>\r\n\u2022 H\u0131zl\u0131 par\u00e7a tedariki ve de\u011fi\u015fimi<br \/>\r\n\u2022 Ar\u0131za te\u015fhis ve m\u00fcdahale raporlamas\u0131\r\n<strong>Ar\u0131za Giderme ve Onar\u0131m<\/strong><br \/>\r\nBeklenmedik ar\u0131zalarda h\u0131zl\u0131 m\u00fcdahale, \u00fcretim s\u00fcre\u00e7lerinin aksamamas\u0131 a\u00e7\u0131s\u0131ndan kritiktir. Bu nedenle TTS Tafting olarak, servis a\u011f\u0131m\u0131z ve yedek par\u00e7a sto\u011fumuzla ar\u0131za giderme s\u00fcrecini h\u0131zland\u0131r\u0131yoruz.<br \/>\r\n\u2022 Teknik ekibimiz 48 saat i\u00e7inde sahada olur<br \/>\r\n\u2022 Gerekli yedek par\u00e7alar k\u0131sa s\u00fcrede temin edilir<br \/>\r\n\u2022 Sorun analiz edilip detayl\u0131 teknik rapor sunulur<br \/>\r\n\u2022 Gerekirse uzaktan ba\u011flant\u0131 ile ar\u0131za \u00f6n te\u015fhisi yap\u0131l\u0131r\r\n<strong>M\u00fc\u015fteri Destek ve Servis Takibi<\/strong><br \/>\r\nT\u00fcm servis i\u015flemleri dijital sistemimizde kay\u0131t alt\u0131na al\u0131n\u0131r. B\u00f6ylece ge\u00e7mi\u015f m\u00fcdahaleler, de\u011fi\u015fen par\u00e7alar ve teknik raporlar d\u00fczenli olarak takip edilir. M\u00fc\u015fterilerimize \u015feffaf ve s\u00fcrekli destek sunar\u0131z.","protected":false},"excerpt":{"rendered":"<p>Makineniz Sahada Haz\u0131r, \u00dcretiminiz Kesintisiz Devam Eder TTS Tafting olarak yaln\u0131zca \u00fcst\u00fcn kalitede makineler \u00fcretmekle kalm\u0131yor, ayn\u0131 zamanda kurulumdan itibaren [&hellip;]<\/p>","protected":false},"author":2,"featured_media":0,"parent":538,"menu_order":0,"comment_status":"closed","ping_status":"open","template":"","meta":{"site-sidebar-layout":"default","site-content-layout":"","ast-site-content-layout":"default","site-content-style":"default","site-sidebar-style":"default","ast-global-header-display":"","ast-banner-title-visibility":"","ast-main-header-display":"","ast-hfb-above-header-display":"","ast-hfb-below-header-display":"","ast-hfb-mobile-header-display":"","site-post-title":"","ast-breadcrumbs-content":"","ast-featured-img":"","footer-sml-layout":"","theme-transparent-header-meta":"default","adv-header-id-meta":"","stick-header-meta":"default","header-above-stick-meta":"","header-main-stick-meta":"","header-below-stick-meta":"","astra-migrate-meta-layouts":"set","ast-page-background-enabled":"default","ast-page-background-meta":{"desktop":{"background-color":"var(--ast-global-color-4)","background-image":"","background-repeat":"repeat","background-position":"center center","background-size":"auto","background-attachment":"scroll","background-type":"","background-media":"","overlay-type":"","overlay-color":"","overlay-opacity":"","overlay-gradient":""},"tablet":{"background-color":"","background-image":"","background-repeat":"repeat","background-position":"center center","background-size":"auto","background-attachment":"scroll","background-type":"","background-media":"","overlay-type":"","overlay-color":"","overlay-opacity":"","overlay-gradient":""},"mobile":{"background-color":"","background-image":"","background-repeat":"repeat","background-position":"center center","background-size":"auto","background-attachment":"scroll","background-type":"","background-media":"","overlay-type":"","overlay-color":"","overlay-opacity":"","overlay-gradient":""}},"ast-content-background-meta":{"desktop":{"background-color":"var(--ast-global-color-5)","background-image":"","background-repeat":"repeat","background-position":"center center","background-size":"auto","background-attachment":"scroll","background-type":"","background-media":"","overlay-type":"","overlay-color":"","overlay-opacity":"","overlay-gradient":""},"tablet":{"background-color":"var(--ast-global-color-5)","background-image":"","background-repeat":"repeat","background-position":"center center","background-size":"auto","background-attachment":"scroll","background-type":"","background-media":"","overlay-type":"","overlay-color":"","overlay-opacity":"","overlay-gradient":""},"mobile":{"background-color":"var(--ast-global-color-5)","background-image":"","background-repeat":"repeat","background-position":"center center","background-size":"auto","background-attachment":"scroll","background-type":"","background-media":"","overlay-type":"","overlay-color":"","overlay-opacity":"","overlay-gradient":""}},"footnotes":""},"class_list":["post-544","page","type-page","status-publish","hentry"],"_links":{"self":[{"href":"https:\/\/www.ttstufting.com.tr\/ar\/wp-json\/wp\/v2\/pages\/544","targetHints":{"allow":["GET"]}}],"collection":[{"href":"https:\/\/www.ttstufting.com.tr\/ar\/wp-json\/wp\/v2\/pages"}],"about":[{"href":"https:\/\/www.ttstufting.com.tr\/ar\/wp-json\/wp\/v2\/types\/page"}],"author":[{"embeddable":true,"href":"https:\/\/www.ttstufting.com.tr\/ar\/wp-json\/wp\/v2\/users\/2"}],"replies":[{"embeddable":true,"href":"https:\/\/www.ttstufting.com.tr\/ar\/wp-json\/wp\/v2\/comments?post=544"}],"version-history":[{"count":4,"href":"https:\/\/www.ttstufting.com.tr\/ar\/wp-json\/wp\/v2\/pages\/544\/revisions"}],"predecessor-version":[{"id":591,"href":"https:\/\/www.ttstufting.com.tr\/ar\/wp-json\/wp\/v2\/pages\/544\/revisions\/591"}],"up":[{"embeddable":true,"href":"https:\/\/www.ttstufting.com.tr\/ar\/wp-json\/wp\/v2\/pages\/538"}],"wp:attachment":[{"href":"https:\/\/www.ttstufting.com.tr\/ar\/wp-json\/wp\/v2\/media?parent=544"}],"curies":[{"name":"wp","href":"https:\/\/api.w.org\/{rel}","templated":true}]}}