{"id":563,"date":"2025-07-30T23:53:17","date_gmt":"2025-07-30T23:53:17","guid":{"rendered":"https:\/\/www.ttstufting.com.tr\/?page_id=563"},"modified":"2025-07-31T01:24:02","modified_gmt":"2025-07-31T01:24:02","slug":"yedek-parca","status":"publish","type":"page","link":"https:\/\/www.ttstufting.com.tr\/ar\/yedek-parca\/","title":{"rendered":"\u0642\u0637\u0639 \u063a\u064a\u0627\u0631"},"content":{"rendered":"<h2>\n\t\t\u0642\u0637\u0639 \u063a\u064a\u0627\u0631 \u0623\u0635\u0644\u064a\u0629 \u0648\u0645\u062a\u0648\u0627\u0641\u0642\u0629 \u0644\u0645\u0627\u0643\u064a\u0646\u0627\u062a \u0627\u0644\u062a\u0641\u062a\u064a\u0644\n\t<\/h2>\n\t<p>\u064a\u064f\u0645\u0643\u0646 \u0636\u0645\u0627\u0646 \u0627\u0644\u062a\u0634\u063a\u064a\u0644 \u0627\u0644\u0645\u062a\u0648\u0627\u0635\u0644 \u0648\u0627\u0644\u0641\u0639\u0651\u0627\u0644 \u0644\u0622\u0644\u0627\u062a \u0627\u0644\u062a\u0641\u062a\u064a\u0644 \u0628\u062a\u0648\u0641\u064a\u0631 \u0642\u0637\u0639 \u063a\u064a\u0627\u0631 \u0639\u0627\u0644\u064a\u0629 \u0627\u0644\u062c\u0648\u062f\u0629 \u0641\u064a \u0627\u0644\u0648\u0642\u062a \u0627\u0644\u0645\u0646\u0627\u0633\u0628. \u0641\u064a \u0634\u0631\u0643\u0629 TTS Tufting\u060c \u0646\u0648\u0641\u0631 \u0642\u0637\u0639 \u063a\u064a\u0627\u0631 \u0623\u0635\u0644\u064a\u0629 \u0648\u0639\u0627\u0644\u064a\u0629 \u0627\u0644\u062c\u0648\u062f\u0629 \u0644\u062c\u0645\u064a\u0639 \u0645\u0648\u062f\u064a\u0644\u0627\u062a \u0622\u0644\u0627\u062a \u0627\u0644\u062a\u0641\u062a\u064a\u0644 \u0627\u0644\u0645\u0633\u062a\u062e\u062f\u0645\u0629 \u0641\u064a \u0635\u0646\u0627\u0639\u0629 \u0627\u0644\u0633\u062c\u0627\u062f.<\/p>\n<p>\u0644\u0627 \u062a\u0642\u062a\u0635\u0631 \u062e\u062f\u0645\u0629 \u0642\u0637\u0639 \u0627\u0644\u063a\u064a\u0627\u0631 \u0644\u062f\u064a\u0646\u0627 \u0639\u0644\u0649 \u0645\u062c\u0631\u062f \u0627\u0644\u062a\u0648\u0631\u064a\u062f\u060c \u0628\u0644 \u0647\u064a \u062f\u0639\u0645 \u0627\u0633\u062a\u0631\u0627\u062a\u064a\u062c\u064a \u064a\u0636\u0645\u0646 \u0627\u0633\u062a\u0645\u0631\u0627\u0631\u064a\u0629 \u0625\u0646\u062a\u0627\u062c\u0643 \u0648\u0637\u0648\u0644 \u0639\u0645\u0631 \u0627\u0633\u062a\u062b\u0645\u0627\u0631\u0643. \u0646\u0642\u062f\u0645 \u0645\u062c\u0645\u0648\u0639\u0629 \u0648\u0627\u0633\u0639\u0629 \u0645\u0646 \u0627\u0644\u062d\u0644\u0648\u0644\u060c \u0628\u062f\u0621\u064b\u0627 \u0645\u0646 \u062a\u0648\u0641\u064a\u0631 \u0627\u0644\u0642\u0637\u0639 \u0627\u0644\u0623\u0643\u062b\u0631 \u0623\u0647\u0645\u064a\u0629 \u0648\u0635\u0648\u0644\u064b\u0627 \u0625\u0644\u0649 \u062a\u0635\u0646\u064a\u0639 \u0627\u0644\u0645\u0643\u0648\u0646\u0627\u062a \u062d\u0633\u0628 \u0627\u0644\u0637\u0644\u0628.<\/p>\n<strong>Tedarik Etti\u011fimiz Ba\u015fl\u0131ca Yedek Par\u00e7alar:<\/strong><br \/>\n\u2022 Kesici b\u0131\u00e7aklar, i\u011fne sistemleri, tutucular<br \/>\n\u2022 Mekanik s\u00fcr\u00fcc\u00fcler, kay\u0131\u015flar ve rulmanlar<br \/>\n\u2022 Elektrik ve kontrol \u00fcniteleri (motorlar, sens\u00f6rler, panel bile\u015fenleri)<br \/>\n\u2022 Makineye \u00f6zel par\u00e7a ve mod\u00fcl gruplar\u0131\n<strong>Neden TTS Tafting Yedek Par\u00e7a Hizmeti?<\/strong><br \/>\n\u2022 Orijinal ve test edilmi\u015f par\u00e7a garantisi<br \/>\n\u2022 H\u0131zl\u0131 sevkiyat: Acil ihtiya\u00e7lar i\u00e7in stoklu par\u00e7a temini<br \/>\n\u2022 Model uyumlulu\u011fu garantisi: Eski ve yeni nesil t\u00fcm tufting makineleriyle uyumlu par\u00e7alar<br \/>\n\u2022 Uzman deste\u011fiyle montaj \u00f6nerileri ve teknik dan\u0131\u015fmanl\u0131k\n<strong>\u0130\u015fletmeniz \u0130\u00e7in En Do\u011fru Par\u00e7alar, En K\u0131sa S\u00fcrede<\/strong><br \/>\nMakinenizin marka ve modeline \u00f6zel olarak do\u011fru par\u00e7ay\u0131 se\u00e7mek, zaman kayb\u0131n\u0131 ve yanl\u0131\u015f sipari\u015f riskini ortadan kald\u0131r\u0131r. Teknik ekibimiz, ihtiyac\u0131n\u0131z olan par\u00e7alar\u0131 tespit etmenize yard\u0131mc\u0131 olur ve s\u00fcreci sizin i\u00e7in h\u0131zland\u0131r\u0131r.\n<strong>Uluslararas\u0131 Tedarik A\u011f\u0131<\/strong><br \/>\nTTS Tafting, hem yerel hem de uluslararas\u0131 \u00fcreticilerle do\u011frudan i\u015f birlikleri sayesinde, farkl\u0131 \u00fcretici markalara ait par\u00e7alara ula\u015fman\u0131z\u0131 sa\u011flar. Bu sayede m\u00fc\u015fterilerimize daha geni\u015f bir yedek par\u00e7a alternatifi sunabiliyoruz.","protected":false},"excerpt":{"rendered":"<p>Tufting Makineleri \u0130\u00e7in Orijinal ve Uyumlu Yedek Par\u00e7alar Tufting makinelerinin kesintisiz ve verimli bir \u015fekilde \u00e7al\u0131\u015fmas\u0131, do\u011fru zamanda temin edilen [&hellip;]<\/p>","protected":false},"author":2,"featured_media":0,"parent":0,"menu_order":0,"comment_status":"closed","ping_status":"open","template":"","meta":{"site-sidebar-layout":"default","site-content-layout":"","ast-site-content-layout":"default","site-content-style":"default","site-sidebar-style":"default","ast-global-header-display":"","ast-banner-title-visibility":"","ast-main-header-display":"","ast-hfb-above-header-display":"","ast-hfb-below-header-display":"","ast-hfb-mobile-header-display":"","site-post-title":"","ast-breadcrumbs-content":"","ast-featured-img":"","footer-sml-layout":"","theme-transparent-header-meta":"default","adv-header-id-meta":"","stick-header-meta":"default","header-above-stick-meta":"","header-main-stick-meta":"","header-below-stick-meta":"","astra-migrate-meta-layouts":"set","ast-page-background-enabled":"default","ast-page-background-meta":{"desktop":{"background-color":"var(--ast-global-color-4)","background-image":"","background-repeat":"repeat","background-position":"center center","background-size":"auto","background-attachment":"scroll","background-type":"","background-media":"","overlay-type":"","overlay-color":"","overlay-opacity":"","overlay-gradient":""},"tablet":{"background-color":"","background-image":"","background-repeat":"repeat","background-position":"center center","background-size":"auto","background-attachment":"scroll","background-type":"","background-media":"","overlay-type":"","overlay-color":"","overlay-opacity":"","overlay-gradient":""},"mobile":{"background-color":"","background-image":"","background-repeat":"repeat","background-position":"center center","background-size":"auto","background-attachment":"scroll","background-type":"","background-media":"","overlay-type":"","overlay-color":"","overlay-opacity":"","overlay-gradient":""}},"ast-content-background-meta":{"desktop":{"background-color":"var(--ast-global-color-5)","background-image":"","background-repeat":"repeat","background-position":"center center","background-size":"auto","background-attachment":"scroll","background-type":"","background-media":"","overlay-type":"","overlay-color":"","overlay-opacity":"","overlay-gradient":""},"tablet":{"background-color":"var(--ast-global-color-5)","background-image":"","background-repeat":"repeat","background-position":"center center","background-size":"auto","background-attachment":"scroll","background-type":"","background-media":"","overlay-type":"","overlay-color":"","overlay-opacity":"","overlay-gradient":""},"mobile":{"background-color":"var(--ast-global-color-5)","background-image":"","background-repeat":"repeat","background-position":"center center","background-size":"auto","background-attachment":"scroll","background-type":"","background-media":"","overlay-type":"","overlay-color":"","overlay-opacity":"","overlay-gradient":""}},"footnotes":""},"class_list":["post-563","page","type-page","status-publish","hentry"],"_links":{"self":[{"href":"https:\/\/www.ttstufting.com.tr\/ar\/wp-json\/wp\/v2\/pages\/563","targetHints":{"allow":["GET"]}}],"collection":[{"href":"https:\/\/www.ttstufting.com.tr\/ar\/wp-json\/wp\/v2\/pages"}],"about":[{"href":"https:\/\/www.ttstufting.com.tr\/ar\/wp-json\/wp\/v2\/types\/page"}],"author":[{"embeddable":true,"href":"https:\/\/www.ttstufting.com.tr\/ar\/wp-json\/wp\/v2\/users\/2"}],"replies":[{"embeddable":true,"href":"https:\/\/www.ttstufting.com.tr\/ar\/wp-json\/wp\/v2\/comments?post=563"}],"version-history":[{"count":2,"href":"https:\/\/www.ttstufting.com.tr\/ar\/wp-json\/wp\/v2\/pages\/563\/revisions"}],"predecessor-version":[{"id":595,"href":"https:\/\/www.ttstufting.com.tr\/ar\/wp-json\/wp\/v2\/pages\/563\/revisions\/595"}],"wp:attachment":[{"href":"https:\/\/www.ttstufting.com.tr\/ar\/wp-json\/wp\/v2\/media?parent=563"}],"curies":[{"name":"wp","href":"https:\/\/api.w.org\/{rel}","templated":true}]}}