{"id":643,"date":"2025-11-14T13:44:48","date_gmt":"2025-11-14T13:44:48","guid":{"rendered":"https:\/\/www.ttstufting.com.tr\/?page_id=643"},"modified":"2025-11-14T13:47:54","modified_gmt":"2025-11-14T13:47:54","slug":"lcl-seviye-kesim-ve-dongu","status":"publish","type":"page","link":"https:\/\/www.ttstufting.com.tr\/ar\/urunler\/lcl-seviye-kesim-ve-dongu\/","title":{"rendered":"\u0642\u0637\u0639 \u0648\u062a\u0633\u0648\u064a\u0629 \u0627\u0644\u062f\u0648\u0631\u0629"},"content":{"rendered":"<h2>\r\n\t\tLCL &#8211; Seviye Kesim ve D\u00f6n\u00f6g\u00fc\r\n\t<\/h2>\r\n\t\t\t\t<img loading=\"lazy\" decoding=\"async\" src=\"https:\/\/www.ttstufting.com.tr\/wp-content\/uploads\/2025\/11\/product-lcl.jpg\" alt=\"product-lcl\" itemprop=\"image\" height=\"600\" width=\"800\" title=\"product-lcl\" onerror=\"this.style.display='none'\"  \/>\r\n\t<table>\r\n<tbody>\r\n<tr>\r\n<td>\u0623\u0628\u0639\u0627\u062f \u0627\u0644\u0622\u0644\u0629<\/td>\r\n<td>5\/32&#8243;GG, 1\/8&#8243;GG, 1\/10&#8243;GG&#8230;vb.<\/td>\r\n<\/tr>\r\n<tr>\r\n<td>\u0639\u0631\u0636 \u0627\u0644\u0639\u0645\u0644<\/td>\r\n<td>1M &#8211; 5M<\/td>\r\n<\/tr>\r\n<tr>\r\n<td>\u0633\u0631\u0639\u0629 \u0627\u0644\u0622\u0644\u0629<\/td>\r\n<td>\r\n700 \u062f\u0648\u0631\u0629 \u0641\u064a \u0627\u0644\u062f\u0642\u064a\u0642\u0629\r\n<\/td>\r\n<\/tr>\r\n<tr>\r\n<td>\u062e\u064a\u0627\u0631<\/td>\r\n<td>\r\nKayar \u0130\u011fne \u00c7ubu\u011fu\r\n\u0130plik gerginlik dedekt\u00f6r\u00fc cihaz\u0131\r\nTemel kuma\u015f gerginlik kontrol cihaz\u0131\r\n<\/td>\r\n<\/tr>\r\n<\/tbody>\r\n<\/table>","protected":false},"excerpt":{"rendered":"<p>LCL &#8211; Seviye Kesim ve D\u00f6n\u00f6g\u00fc Makine \u00d6l\u00e7\u00fcs\u00fc 5\/32&#8243;GG, 1\/8&#8243;GG, 1\/10&#8243;GG&#8230;vb. \u00c7al\u0131\u015fma Geni\u015fli\u011fi 1M &#8211; 5M Makine H\u0131z\u0131 700 devir\/dakika [&hellip;]<\/p>","protected":false},"author":2,"featured_media":0,"parent":633,"menu_order":0,"comment_status":"closed","ping_status":"open","template":"","meta":{"site-sidebar-layout":"default","site-content-layout":"","ast-site-content-layout":"default","site-content-style":"default","site-sidebar-style":"default","ast-global-header-display":"","ast-banner-title-visibility":"","ast-main-header-display":"","ast-hfb-above-header-display":"","ast-hfb-below-header-display":"","ast-hfb-mobile-header-display":"","site-post-title":"","ast-breadcrumbs-content":"","ast-featured-img":"","footer-sml-layout":"","theme-transparent-header-meta":"default","adv-header-id-meta":"","stick-header-meta":"default","header-above-stick-meta":"","header-main-stick-meta":"","header-below-stick-meta":"","astra-migrate-meta-layouts":"set","ast-page-background-enabled":"default","ast-page-background-meta":{"desktop":{"background-color":"var(--ast-global-color-4)","background-image":"","background-repeat":"repeat","background-position":"center center","background-size":"auto","background-attachment":"scroll","background-type":"","background-media":"","overlay-type":"","overlay-color":"","overlay-opacity":"","overlay-gradient":""},"tablet":{"background-color":"","background-image":"","background-repeat":"repeat","background-position":"center center","background-size":"auto","background-attachment":"scroll","background-type":"","background-media":"","overlay-type":"","overlay-color":"","overlay-opacity":"","overlay-gradient":""},"mobile":{"background-color":"","background-image":"","background-repeat":"repeat","background-position":"center center","background-size":"auto","background-attachment":"scroll","background-type":"","background-media":"","overlay-type":"","overlay-color":"","overlay-opacity":"","overlay-gradient":""}},"ast-content-background-meta":{"desktop":{"background-color":"var(--ast-global-color-5)","background-image":"","background-repeat":"repeat","background-position":"center center","background-size":"auto","background-attachment":"scroll","background-type":"","background-media":"","overlay-type":"","overlay-color":"","overlay-opacity":"","overlay-gradient":""},"tablet":{"background-color":"var(--ast-global-color-5)","background-image":"","background-repeat":"repeat","background-position":"center center","background-size":"auto","background-attachment":"scroll","background-type":"","background-media":"","overlay-type":"","overlay-color":"","overlay-opacity":"","overlay-gradient":""},"mobile":{"background-color":"var(--ast-global-color-5)","background-image":"","background-repeat":"repeat","background-position":"center center","background-size":"auto","background-attachment":"scroll","background-type":"","background-media":"","overlay-type":"","overlay-color":"","overlay-opacity":"","overlay-gradient":""}},"footnotes":""},"class_list":["post-643","page","type-page","status-publish","hentry"],"_links":{"self":[{"href":"https:\/\/www.ttstufting.com.tr\/ar\/wp-json\/wp\/v2\/pages\/643","targetHints":{"allow":["GET"]}}],"collection":[{"href":"https:\/\/www.ttstufting.com.tr\/ar\/wp-json\/wp\/v2\/pages"}],"about":[{"href":"https:\/\/www.ttstufting.com.tr\/ar\/wp-json\/wp\/v2\/types\/page"}],"author":[{"embeddable":true,"href":"https:\/\/www.ttstufting.com.tr\/ar\/wp-json\/wp\/v2\/users\/2"}],"replies":[{"embeddable":true,"href":"https:\/\/www.ttstufting.com.tr\/ar\/wp-json\/wp\/v2\/comments?post=643"}],"version-history":[{"count":3,"href":"https:\/\/www.ttstufting.com.tr\/ar\/wp-json\/wp\/v2\/pages\/643\/revisions"}],"predecessor-version":[{"id":648,"href":"https:\/\/www.ttstufting.com.tr\/ar\/wp-json\/wp\/v2\/pages\/643\/revisions\/648"}],"up":[{"embeddable":true,"href":"https:\/\/www.ttstufting.com.tr\/ar\/wp-json\/wp\/v2\/pages\/633"}],"wp:attachment":[{"href":"https:\/\/www.ttstufting.com.tr\/ar\/wp-json\/wp\/v2\/media?parent=643"}],"curies":[{"name":"wp","href":"https:\/\/api.w.org\/{rel}","templated":true}]}}