{"id":649,"date":"2025-11-14T13:49:50","date_gmt":"2025-11-14T13:49:50","guid":{"rendered":"https:\/\/www.ttstufting.com.tr\/?page_id=649"},"modified":"2025-11-14T13:52:47","modified_gmt":"2025-11-14T13:52:47","slug":"soguk-dongu","status":"publish","type":"page","link":"https:\/\/www.ttstufting.com.tr\/ar\/urunler\/soguk-dongu\/","title":{"rendered":"\u062f\u0648\u0631\u0629 \u0627\u0644\u062a\u0628\u0631\u064a\u062f"},"content":{"rendered":"<h2>\n\t\t\u062f\u0648\u0631\u0629 \u0627\u0644\u062a\u0628\u0631\u064a\u062f\n\t<\/h2>\n\t\t\t\t<img loading=\"lazy\" decoding=\"async\" src=\"https:\/\/www.ttstufting.com.tr\/wp-content\/uploads\/2025\/11\/product-icyloop.jpg\" alt=\"product-icyloop\" itemprop=\"image\" height=\"533\" width=\"800\" title=\"product-icyloop\" onerror=\"this.style.display='none'\"  \/>\n\t<table>\n<tbody>\n<tr>\n<td>\u0623\u0628\u0639\u0627\u062f \u0627\u0644\u0622\u0644\u0629<\/td>\n<td>\n1\/10&#8243;GG (1\/5&#8243;GG + 1\/5&#8243;GG)\n1\/12&#8243;GG (1\/6&#8243;GG + 1\/6&#8243;GG)\n5\/64&#8243;GG (5\/32&#8243;GG + 5\/32&#8243;GG)\n1\/16&#8243;GG (1\/8&#8243;GG + 1\/8&#8243;GG)\n1\/8&#8243;GG D\u00dcZ D\u00d6NG\u00dc + 1\/4&#8243;GG BUZLU D\u00d6NG\u00dc\n<\/td>\n<\/tr>\n<tr>\n<td>\u0639\u0631\u0636 \u0627\u0644\u0639\u0645\u0644<\/td>\n<td>1M &#8211; 5M<\/td>\n<\/tr>\n<tr>\n<td>\u0627\u0631\u062a\u0641\u0627\u0639 \u0627\u0644\u0631\u0635\u0629<\/td>\n<td>2,5 &#8211; 10 mm \u00c7oklu Kaz\u0131k Y\u00fcksekli\u011fi<\/td>\n<\/tr>\n<tr>\n<td>\u0633\u0631\u0639\u0629 \u0627\u0644\u0622\u0644\u0629<\/td>\n<td>\n1200 \u062f\u0648\u0631\u0629 \u0641\u064a \u0627\u0644\u062f\u0642\u064a\u0642\u0629\n<\/td>\n<\/tr>\n<tr>\n<td>\u062e\u064a\u0627\u0631<\/td>\n<td>\nKayar \u0130\u011fne \u00c7ubu\u011fu\nTemel kuma\u015f gerginlik kontrol cihaz\u0131\n<\/td>\n<\/tr>\n<\/tbody>\n<\/table>","protected":false},"excerpt":{"rendered":"<p>So\u011fuk D\u00f6ng\u00fc Makine \u00d6l\u00e7\u00fcs\u00fc 1\/10&#8243;GG (1\/5&#8243;GG + 1\/5&#8243;GG) 1\/12&#8243;GG (1\/6&#8243;GG + 1\/6&#8243;GG) 5\/64&#8243;GG (5\/32&#8243;GG + 5\/32&#8243;GG) 1\/16&#8243;GG (1\/8&#8243;GG + 1\/8&#8243;GG) [&hellip;]<\/p>","protected":false},"author":2,"featured_media":0,"parent":633,"menu_order":0,"comment_status":"closed","ping_status":"open","template":"","meta":{"site-sidebar-layout":"default","site-content-layout":"","ast-site-content-layout":"default","site-content-style":"default","site-sidebar-style":"default","ast-global-header-display":"","ast-banner-title-visibility":"","ast-main-header-display":"","ast-hfb-above-header-display":"","ast-hfb-below-header-display":"","ast-hfb-mobile-header-display":"","site-post-title":"","ast-breadcrumbs-content":"","ast-featured-img":"","footer-sml-layout":"","theme-transparent-header-meta":"default","adv-header-id-meta":"","stick-header-meta":"default","header-above-stick-meta":"","header-main-stick-meta":"","header-below-stick-meta":"","astra-migrate-meta-layouts":"set","ast-page-background-enabled":"default","ast-page-background-meta":{"desktop":{"background-color":"var(--ast-global-color-4)","background-image":"","background-repeat":"repeat","background-position":"center center","background-size":"auto","background-attachment":"scroll","background-type":"","background-media":"","overlay-type":"","overlay-color":"","overlay-opacity":"","overlay-gradient":""},"tablet":{"background-color":"","background-image":"","background-repeat":"repeat","background-position":"center center","background-size":"auto","background-attachment":"scroll","background-type":"","background-media":"","overlay-type":"","overlay-color":"","overlay-opacity":"","overlay-gradient":""},"mobile":{"background-color":"","background-image":"","background-repeat":"repeat","background-position":"center center","background-size":"auto","background-attachment":"scroll","background-type":"","background-media":"","overlay-type":"","overlay-color":"","overlay-opacity":"","overlay-gradient":""}},"ast-content-background-meta":{"desktop":{"background-color":"var(--ast-global-color-5)","background-image":"","background-repeat":"repeat","background-position":"center center","background-size":"auto","background-attachment":"scroll","background-type":"","background-media":"","overlay-type":"","overlay-color":"","overlay-opacity":"","overlay-gradient":""},"tablet":{"background-color":"var(--ast-global-color-5)","background-image":"","background-repeat":"repeat","background-position":"center center","background-size":"auto","background-attachment":"scroll","background-type":"","background-media":"","overlay-type":"","overlay-color":"","overlay-opacity":"","overlay-gradient":""},"mobile":{"background-color":"var(--ast-global-color-5)","background-image":"","background-repeat":"repeat","background-position":"center center","background-size":"auto","background-attachment":"scroll","background-type":"","background-media":"","overlay-type":"","overlay-color":"","overlay-opacity":"","overlay-gradient":""}},"footnotes":""},"class_list":["post-649","page","type-page","status-publish","hentry"],"_links":{"self":[{"href":"https:\/\/www.ttstufting.com.tr\/ar\/wp-json\/wp\/v2\/pages\/649","targetHints":{"allow":["GET"]}}],"collection":[{"href":"https:\/\/www.ttstufting.com.tr\/ar\/wp-json\/wp\/v2\/pages"}],"about":[{"href":"https:\/\/www.ttstufting.com.tr\/ar\/wp-json\/wp\/v2\/types\/page"}],"author":[{"embeddable":true,"href":"https:\/\/www.ttstufting.com.tr\/ar\/wp-json\/wp\/v2\/users\/2"}],"replies":[{"embeddable":true,"href":"https:\/\/www.ttstufting.com.tr\/ar\/wp-json\/wp\/v2\/comments?post=649"}],"version-history":[{"count":2,"href":"https:\/\/www.ttstufting.com.tr\/ar\/wp-json\/wp\/v2\/pages\/649\/revisions"}],"predecessor-version":[{"id":654,"href":"https:\/\/www.ttstufting.com.tr\/ar\/wp-json\/wp\/v2\/pages\/649\/revisions\/654"}],"up":[{"embeddable":true,"href":"https:\/\/www.ttstufting.com.tr\/ar\/wp-json\/wp\/v2\/pages\/633"}],"wp:attachment":[{"href":"https:\/\/www.ttstufting.com.tr\/ar\/wp-json\/wp\/v2\/media?parent=649"}],"curies":[{"name":"wp","href":"https:\/\/api.w.org\/{rel}","templated":true}]}}