{"id":2,"date":"2024-12-25T10:36:17","date_gmt":"2024-12-25T10:36:17","guid":{"rendered":"https:\/\/ttstufting.com.tr\/?page_id=2"},"modified":"2025-08-05T10:17:28","modified_gmt":"2025-08-05T10:17:28","slug":"anasayfa","status":"publish","type":"page","link":"https:\/\/www.ttstufting.com.tr\/en\/","title":{"rendered":"Home"},"content":{"rendered":"<h3>Custom Design<\/h3>\t\t\t\t\r\n\t\t\t\t\t<p>We offer custom design services tailored to customer needs for all tufting machines in the carpet and textile industry.<\/p>\r\n\t\t<h3>Production and Manufacturing<\/h3>\t\t\t\t\r\n\t\t\t\t\t<p>We carry out all production processes for industrial tufting machines at our own facilities, adhering to high engineering standards.<\/p>\r\n\t\t<h3>Installation and Service<\/h3>\t\t\t\t\r\n\t\t\t\t\t<p>We don\u2019t just manufacture top-quality machines\u2014we\u2019re also there to support you throughout the entire service process, starting from installation.<\/p>\r\n\t\t\t\t<img loading=\"lazy\" decoding=\"async\" src=\"https:\/\/www.ttstufting.com.tr\/wp-content\/uploads\/2025\/07\/kurumsal-1.webp\" alt=\"kurumsal (1)\" itemprop=\"image\" height=\"600\" width=\"600\" title=\"kurumsal (1)\" onerror=\"this.style.display='none'\"  \/>\r\n<h2>\r\n\t\tTTS TUFTING\r\n\t<\/h2>\r\n<h2 class=\" translation-block\"><span class=\"fl-heading-text\">Your Trusted Partner in Tufting Technology <br><\/span><\/h2>\r\n\t<p>As TTS Tafting, we are an engineering firm specializing in tufting machines used in the carpet and textile industries. Our scope of operations includes the sale of tufting machines, modernization (retrofit), technical service, and the supply of spare parts.<\/p>\r\n<p>Thanks to the experience and technical expertise we have gained in the industry, we help our customers make their production processes more efficient, reliable, and sustainable. By approaching every project with field-proven knowledge and engineering discipline, we develop customized solutions tailored to our customers\u2019 needs.<\/p>\r\n\t\t\t<a href=\"\" target=\"_self\">\r\n\t\t\t\t\t\t\tREAD MORE\r\n\t\t\t\t\t<\/a>\r\n<h2>\r\n\t\tTypes of Machinery\r\n\t<\/h2>\r\n\t\t<h3>Artificial Grass Tufting Machines<\/h3>\t\t\t\t\r\n\t\t\t\t\t<p>We develop customized, high-efficiency solutions for tufting machines used in the production of artificial turf for sports fields.<\/p>\r\n\t\t\t<a href=\"https:\/\/www.ttstufting.com.tr\/en\/makine-turleri\/suni-cim-tufting-makineleri\/\" title=\"Click Here\" target=\"_self\"   role=\"button\" aria-label=\"Take a Look\">\r\n\t\t\t\t\t\t\tTake a Look\r\n\t\t<\/a>\r\n\t\t<h3>Residential Carpet Tufting Machines<\/h3>\t\t\t\t\r\n\t\t\t\t\t<p>Carpets intended for home use should meet expectations such as softness, a wide variety of patterns, and long-lasting durability.<\/p>\r\n\t\t\t<a href=\"https:\/\/www.ttstufting.com.tr\/en\/makine-turleri\/ev-tipi-hali-tufting-makineleri\/\" title=\"Click Here\" target=\"_self\"   role=\"button\" aria-label=\"Take a Look\">\r\n\t\t\t\t\t\t\tTake a Look\r\n\t\t<\/a>\r\n\t\t<h3>Automotive Carpet Tufting Machines<\/h3>\t\t\t\t\r\n\t\t\t\t\t<p>We offer specialized tufting machines for the production of interior carpets, trunk liners, and floor coverings for the automotive industry.<\/p>\r\n\t\t\t<a href=\"https:\/\/www.ttstufting.com.tr\/en\/makine-turleri\/otomotiv-halisi-tufting-makineleri\/\" title=\"Click Here\" target=\"_self\"   role=\"button\" aria-label=\"Take a Look\">\r\n\t\t\t\t\t\t\tTake a Look\r\n\t\t<\/a>\r\n\t\t<h3>Industrial Carpet Tufting Machines<\/h3>\t\t\t\t\r\n\t\t\t\t\t<p>It must meet critical performance criteria such as durability, resistance to heavy foot traffic, and a long service life.<\/p>\r\n\t\t\t<a href=\"https:\/\/www.ttstufting.com.tr\/en\/makine-turleri\/endustriyel-hali-tufting-makineleri\/\" title=\"Click Here\" target=\"_self\"   role=\"button\" aria-label=\"Take a Look\">\r\n\t\t\t\t\t\t\tTake a Look\r\n\t\t<\/a>\r\n<h2>\r\n\t\tWhy? <br \/> TTS Tufting\r\n\t<\/h2>\r\n\t<strong>-Expertise and Experience<\/strong><br \/>\r\nWith years of industry knowledge and technical expertise in carpet tufting machines, we offer customized solutions for every need.\r\n<strong>-Fast and Reliable Service<\/strong><br \/>\r\nFrom installation to maintenance, and from troubleshooting to spare parts supply, we provide fast, organized, and reliable support at every step.\r\n<strong>-Supply of High-Quality Parts and Equipment<\/strong><br \/>\r\nAll the replacement parts we supply come with a guarantee of long-lasting durability and high performance.\r\n<strong>-Customer-Centric Approach<\/strong><br \/>\r\nWe develop customized solutions tailored to your needs and stand by your side to ensure the seamless continuation of your production processes.","protected":false},"excerpt":{"rendered":"<p>\u00d6zel Tasar\u0131m Hal\u0131 ve tekstil sekt\u00f6r\u00fcne y\u00f6nelik t\u00fcm tufting makineleri i\u00e7in m\u00fc\u015fteri ihtiya\u00e7lar\u0131na \u00f6zel tasar\u0131m hizmeti sunuyoruz. \u00dcretim ve \u0130malat [&hellip;]<\/p>","protected":false},"author":1,"featured_media":0,"parent":0,"menu_order":0,"comment_status":"closed","ping_status":"open","template":"","meta":{"site-sidebar-layout":"default","site-content-layout":"","ast-site-content-layout":"default","site-content-style":"default","site-sidebar-style":"default","ast-global-header-display":"","ast-banner-title-visibility":"","ast-main-header-display":"","ast-hfb-above-header-display":"","ast-hfb-below-header-display":"","ast-hfb-mobile-header-display":"","site-post-title":"","ast-breadcrumbs-content":"","ast-featured-img":"","footer-sml-layout":"","theme-transparent-header-meta":"default","adv-header-id-meta":"","stick-header-meta":"default","header-above-stick-meta":"","header-main-stick-meta":"","header-below-stick-meta":"","astra-migrate-meta-layouts":"set","ast-page-background-enabled":"default","ast-page-background-meta":{"desktop":{"background-color":"var(--ast-global-color-4)","background-image":"","background-repeat":"repeat","background-position":"center center","background-size":"auto","background-attachment":"scroll","background-type":"","background-media":"","overlay-type":"","overlay-color":"","overlay-opacity":"","overlay-gradient":""},"tablet":{"background-color":"","background-image":"","background-repeat":"repeat","background-position":"center center","background-size":"auto","background-attachment":"scroll","background-type":"","background-media":"","overlay-type":"","overlay-color":"","overlay-opacity":"","overlay-gradient":""},"mobile":{"background-color":"","background-image":"","background-repeat":"repeat","background-position":"center center","background-size":"auto","background-attachment":"scroll","background-type":"","background-media":"","overlay-type":"","overlay-color":"","overlay-opacity":"","overlay-gradient":""}},"ast-content-background-meta":{"desktop":{"background-color":"var(--ast-global-color-5)","background-image":"","background-repeat":"repeat","background-position":"center center","background-size":"auto","background-attachment":"scroll","background-type":"","background-media":"","overlay-type":"","overlay-color":"","overlay-opacity":"","overlay-gradient":""},"tablet":{"background-color":"var(--ast-global-color-5)","background-image":"","background-repeat":"repeat","background-position":"center center","background-size":"auto","background-attachment":"scroll","background-type":"","background-media":"","overlay-type":"","overlay-color":"","overlay-opacity":"","overlay-gradient":""},"mobile":{"background-color":"var(--ast-global-color-5)","background-image":"","background-repeat":"repeat","background-position":"center center","background-size":"auto","background-attachment":"scroll","background-type":"","background-media":"","overlay-type":"","overlay-color":"","overlay-opacity":"","overlay-gradient":""}},"footnotes":""},"class_list":["post-2","page","type-page","status-publish","hentry"],"_links":{"self":[{"href":"https:\/\/www.ttstufting.com.tr\/en\/wp-json\/wp\/v2\/pages\/2","targetHints":{"allow":["GET"]}}],"collection":[{"href":"https:\/\/www.ttstufting.com.tr\/en\/wp-json\/wp\/v2\/pages"}],"about":[{"href":"https:\/\/www.ttstufting.com.tr\/en\/wp-json\/wp\/v2\/types\/page"}],"author":[{"embeddable":true,"href":"https:\/\/www.ttstufting.com.tr\/en\/wp-json\/wp\/v2\/users\/1"}],"replies":[{"embeddable":true,"href":"https:\/\/www.ttstufting.com.tr\/en\/wp-json\/wp\/v2\/comments?post=2"}],"version-history":[{"count":58,"href":"https:\/\/www.ttstufting.com.tr\/en\/wp-json\/wp\/v2\/pages\/2\/revisions"}],"predecessor-version":[{"id":606,"href":"https:\/\/www.ttstufting.com.tr\/en\/wp-json\/wp\/v2\/pages\/2\/revisions\/606"}],"wp:attachment":[{"href":"https:\/\/www.ttstufting.com.tr\/en\/wp-json\/wp\/v2\/media?parent=2"}],"curies":[{"name":"wp","href":"https:\/\/api.w.org\/{rel}","templated":true}]}}