{"id":204,"date":"2024-12-29T16:42:15","date_gmt":"2024-12-29T16:42:15","guid":{"rendered":"https:\/\/ttstufting.com.tr\/?page_id=204"},"modified":"2025-09-22T07:34:55","modified_gmt":"2025-09-22T07:34:55","slug":"kurumsal","status":"publish","type":"page","link":"https:\/\/www.ttstufting.com.tr\/en\/kurumsal\/","title":{"rendered":"Corporate"},"content":{"rendered":"<nav aria-label=\"breadcrumbs\"><p><a href=\"https:\/\/www.ttstufting.com.tr\/en\/\">Home<\/a> &#8211; Kurumsal<\/p><\/nav><h2>\n\t\tTTS TUFTING\n\t<\/h2>\n<h2>\n\t\tHave you watched our promotional video?\n\t<\/h2>\n\t\t\t<video src=\"https:\/\/www.ttstufting.com.tr\/wp-content\/uploads\/2025\/09\/tts.mp4\" controls=\"\" controlslist=\"nodownload\"><\/video>\n\t\t\t\t<img loading=\"lazy\" decoding=\"async\" src=\"https:\/\/www.ttstufting.com.tr\/wp-content\/uploads\/2025\/07\/kurumsal-1.webp\" alt=\"kurumsal (1)\" itemprop=\"image\" height=\"600\" width=\"600\" title=\"kurumsal (1)\" onerror=\"this.style.display='none'\"  \/>\n<h2>\n\t\tTTS TUFTING\n\t<\/h2>\n<h2 class=\" translation-block\"><span class=\"fl-heading-text\">Your Trusted Partner in Tufting Technology <br><\/span><\/h2>\n\t<p>As TTS Tafting, we are an engineering firm specializing in tufting machines used in the carpet and textile industries. Our scope of operations includes the sale of tufting machines, modernization (retrofit), technical service, and the supply of spare parts.<\/p>\n<p>Thanks to the experience and technical expertise we have gained in the industry, we help our customers make their production processes more efficient, reliable, and sustainable. By approaching every project with field-proven knowledge and engineering discipline, we develop customized solutions tailored to our customers\u2019 needs.<\/p>\n<h2>\n\t\tWe\u2019re Redefining Your Production Capacity\n\t<\/h2>\n\t<p>The greatest need of modern production facilities is machinery that operates continuously, efficiently, and reliably. At TTS Tafting, we integrate your aging or underperforming tufting machines with today\u2019s technologies to deliver increased efficiency, energy savings, and reduced maintenance costs.<\/p>\n<p>In addition, we help you make the investment decisions that best meet your business needs by offering the new machines best suited to your production line.<\/p>\n<p><strong>Customer-Focused, Results-Driven<\/strong><\/p>\nFor us, every customer is a long-term partner. That is why:<br \/>\n\u2022 We carefully analyze your needs,<br \/>\n\u2022 We provide transparent and technically accurate information throughout the process,<br \/>\n\u2022 We ensure long-term satisfaction through our post-sales technical support.\n<p>Our goal is not just to keep machines running, but to provide solutions that help grow your production.<\/p>\n<p><strong>Stronger Production with TTS Tafting<\/strong><\/p>\n<p>Whether you\u2019re looking to make a new investment or need to modernize your existing line, TTS Tafting is here to support you with customized solutions.<\/p>\n<p>TTS Tafting &#8211; Teknolojiyi \u00fcretime ta\u015f\u0131yan m\u00fchendislik g\u00fcc\u00fc.<\/p>\n\t\t\t\t<img loading=\"lazy\" decoding=\"async\" src=\"https:\/\/www.ttstufting.com.tr\/wp-content\/uploads\/2025\/07\/kurumsal-1.webp\" alt=\"kurumsal (1)\" itemprop=\"image\" height=\"600\" width=\"600\" title=\"kurumsal (1)\" onerror=\"this.style.display='none'\"  \/>","protected":false},"excerpt":{"rendered":"<p>Anasayfa &#8211; Kurumsal TTS TUFT\u0130NG Tan\u0131t\u0131m Filmimizi \u0130zlediniz mi? TTS TUFT\u0130NG Tufting Teknolojisinde G\u00fcvenilir Orta\u011f\u0131n\u0131z TTS Tafting olarak, hal\u0131 ve [&hellip;]<\/p>","protected":false},"author":1,"featured_media":0,"parent":0,"menu_order":0,"comment_status":"closed","ping_status":"open","template":"","meta":{"site-sidebar-layout":"default","site-content-layout":"","ast-site-content-layout":"default","site-content-style":"default","site-sidebar-style":"default","ast-global-header-display":"","ast-banner-title-visibility":"","ast-main-header-display":"","ast-hfb-above-header-display":"","ast-hfb-below-header-display":"","ast-hfb-mobile-header-display":"","site-post-title":"","ast-breadcrumbs-content":"","ast-featured-img":"","footer-sml-layout":"","theme-transparent-header-meta":"default","adv-header-id-meta":"","stick-header-meta":"default","header-above-stick-meta":"","header-main-stick-meta":"","header-below-stick-meta":"","astra-migrate-meta-layouts":"set","ast-page-background-enabled":"default","ast-page-background-meta":{"desktop":{"background-color":"var(--ast-global-color-4)","background-image":"","background-repeat":"repeat","background-position":"center center","background-size":"auto","background-attachment":"scroll","background-type":"","background-media":"","overlay-type":"","overlay-color":"","overlay-opacity":"","overlay-gradient":""},"tablet":{"background-color":"","background-image":"","background-repeat":"repeat","background-position":"center center","background-size":"auto","background-attachment":"scroll","background-type":"","background-media":"","overlay-type":"","overlay-color":"","overlay-opacity":"","overlay-gradient":""},"mobile":{"background-color":"","background-image":"","background-repeat":"repeat","background-position":"center center","background-size":"auto","background-attachment":"scroll","background-type":"","background-media":"","overlay-type":"","overlay-color":"","overlay-opacity":"","overlay-gradient":""}},"ast-content-background-meta":{"desktop":{"background-color":"var(--ast-global-color-5)","background-image":"","background-repeat":"repeat","background-position":"center center","background-size":"auto","background-attachment":"scroll","background-type":"","background-media":"","overlay-type":"","overlay-color":"","overlay-opacity":"","overlay-gradient":""},"tablet":{"background-color":"var(--ast-global-color-5)","background-image":"","background-repeat":"repeat","background-position":"center center","background-size":"auto","background-attachment":"scroll","background-type":"","background-media":"","overlay-type":"","overlay-color":"","overlay-opacity":"","overlay-gradient":""},"mobile":{"background-color":"var(--ast-global-color-5)","background-image":"","background-repeat":"repeat","background-position":"center center","background-size":"auto","background-attachment":"scroll","background-type":"","background-media":"","overlay-type":"","overlay-color":"","overlay-opacity":"","overlay-gradient":""}},"footnotes":""},"class_list":["post-204","page","type-page","status-publish","hentry"],"_links":{"self":[{"href":"https:\/\/www.ttstufting.com.tr\/en\/wp-json\/wp\/v2\/pages\/204","targetHints":{"allow":["GET"]}}],"collection":[{"href":"https:\/\/www.ttstufting.com.tr\/en\/wp-json\/wp\/v2\/pages"}],"about":[{"href":"https:\/\/www.ttstufting.com.tr\/en\/wp-json\/wp\/v2\/types\/page"}],"author":[{"embeddable":true,"href":"https:\/\/www.ttstufting.com.tr\/en\/wp-json\/wp\/v2\/users\/1"}],"replies":[{"embeddable":true,"href":"https:\/\/www.ttstufting.com.tr\/en\/wp-json\/wp\/v2\/comments?post=204"}],"version-history":[{"count":25,"href":"https:\/\/www.ttstufting.com.tr\/en\/wp-json\/wp\/v2\/pages\/204\/revisions"}],"predecessor-version":[{"id":630,"href":"https:\/\/www.ttstufting.com.tr\/en\/wp-json\/wp\/v2\/pages\/204\/revisions\/630"}],"wp:attachment":[{"href":"https:\/\/www.ttstufting.com.tr\/en\/wp-json\/wp\/v2\/media?parent=204"}],"curies":[{"name":"wp","href":"https:\/\/api.w.org\/{rel}","templated":true}]}}