{"id":249,"date":"2024-12-29T19:28:40","date_gmt":"2024-12-29T19:28:40","guid":{"rendered":"https:\/\/ttstufting.com.tr\/?page_id=249"},"modified":"2025-08-04T10:28:34","modified_gmt":"2025-08-04T10:28:34","slug":"iletisim","status":"publish","type":"page","link":"https:\/\/www.ttstufting.com.tr\/en\/iletisim\/","title":{"rendered":"Contact"},"content":{"rendered":"<ul>\n\t\t<li><a href=\"tel: 905301404676\" target=\"_self\"  aria-label=\"Go to tel:+905301404676\">\t\t\n\t\t\t\t<img decoding=\"async\" src=\"https:\/\/ttstufting.com.tr\/wp-content\/uploads\/2024\/12\/phone-line.png\" alt=\"phone-line\" title=\"phone-line\" itemprop=\"image\"\/>\n\t\t<h3>Telephone<\/h3><p>+90 530 140 46 76<\/p><\/a><\/li>\t<\/ul>\n\t<ul>\n\t\t<li><a href=\"mailto:info@ttstufting.com\" target=\"_self\"  aria-label=\"Go to mailto:info@ttstufting.com\">\t\t\n\t\t\t\t<img decoding=\"async\" src=\"https:\/\/ttstufting.com.tr\/wp-content\/uploads\/2024\/12\/mail-ai-line.png\" alt=\"mail-ai-line\" title=\"mail-ai-line\" itemprop=\"image\"\/>\n\t\t<h3>E &#8211; Mail<\/h3><p>info@ttstufting.com<\/p><\/a><\/li>\t<\/ul>\n\t<ul>\n\t\t<li><a href=\"#\" target=\"_self\"  aria-label=\"Go to #\">\t\t\n\t\t\t\t<img decoding=\"async\" src=\"https:\/\/ttstufting.com.tr\/wp-content\/uploads\/2024\/12\/map-pin-2-line.png\" alt=\"map-pin-2-line\" title=\"map-pin-2-line\" itemprop=\"image\"\/>\n\t\t<h3>Address<\/h3><p>Ba\u015fp\u0131nar(Organize)Osb Mah. O.S.B 3.B\u00f6lge Kamil \u015eerbetci Blv. No: 56 <br \/> \u015eehitkamil \/ Gaziantep<\/p>\n<\/a><\/li>\t<\/ul>","protected":false},"excerpt":{"rendered":"<p>Telefon +90 530 140 46 76 E &#8211; Mail info@ttstufting.com Adres Ba\u015fp\u0131nar(Organize)Osb Mah. O.S.B 3.B\u00f6lge Kamil \u015eerbetci Blv. No: 56 [&hellip;]<\/p>","protected":false},"author":1,"featured_media":0,"parent":0,"menu_order":0,"comment_status":"closed","ping_status":"open","template":"","meta":{"site-sidebar-layout":"default","site-content-layout":"","ast-site-content-layout":"default","site-content-style":"default","site-sidebar-style":"default","ast-global-header-display":"","ast-banner-title-visibility":"","ast-main-header-display":"","ast-hfb-above-header-display":"","ast-hfb-below-header-display":"","ast-hfb-mobile-header-display":"","site-post-title":"","ast-breadcrumbs-content":"","ast-featured-img":"","footer-sml-layout":"","theme-transparent-header-meta":"default","adv-header-id-meta":"","stick-header-meta":"default","header-above-stick-meta":"","header-main-stick-meta":"","header-below-stick-meta":"","astra-migrate-meta-layouts":"set","ast-page-background-enabled":"default","ast-page-background-meta":{"desktop":{"background-color":"var(--ast-global-color-4)","background-image":"","background-repeat":"repeat","background-position":"center center","background-size":"auto","background-attachment":"scroll","background-type":"","background-media":"","overlay-type":"","overlay-color":"","overlay-opacity":"","overlay-gradient":""},"tablet":{"background-color":"","background-image":"","background-repeat":"repeat","background-position":"center center","background-size":"auto","background-attachment":"scroll","background-type":"","background-media":"","overlay-type":"","overlay-color":"","overlay-opacity":"","overlay-gradient":""},"mobile":{"background-color":"","background-image":"","background-repeat":"repeat","background-position":"center center","background-size":"auto","background-attachment":"scroll","background-type":"","background-media":"","overlay-type":"","overlay-color":"","overlay-opacity":"","overlay-gradient":""}},"ast-content-background-meta":{"desktop":{"background-color":"var(--ast-global-color-5)","background-image":"","background-repeat":"repeat","background-position":"center center","background-size":"auto","background-attachment":"scroll","background-type":"","background-media":"","overlay-type":"","overlay-color":"","overlay-opacity":"","overlay-gradient":""},"tablet":{"background-color":"var(--ast-global-color-5)","background-image":"","background-repeat":"repeat","background-position":"center center","background-size":"auto","background-attachment":"scroll","background-type":"","background-media":"","overlay-type":"","overlay-color":"","overlay-opacity":"","overlay-gradient":""},"mobile":{"background-color":"var(--ast-global-color-5)","background-image":"","background-repeat":"repeat","background-position":"center center","background-size":"auto","background-attachment":"scroll","background-type":"","background-media":"","overlay-type":"","overlay-color":"","overlay-opacity":"","overlay-gradient":""}},"footnotes":""},"class_list":["post-249","page","type-page","status-publish","hentry"],"_links":{"self":[{"href":"https:\/\/www.ttstufting.com.tr\/en\/wp-json\/wp\/v2\/pages\/249","targetHints":{"allow":["GET"]}}],"collection":[{"href":"https:\/\/www.ttstufting.com.tr\/en\/wp-json\/wp\/v2\/pages"}],"about":[{"href":"https:\/\/www.ttstufting.com.tr\/en\/wp-json\/wp\/v2\/types\/page"}],"author":[{"embeddable":true,"href":"https:\/\/www.ttstufting.com.tr\/en\/wp-json\/wp\/v2\/users\/1"}],"replies":[{"embeddable":true,"href":"https:\/\/www.ttstufting.com.tr\/en\/wp-json\/wp\/v2\/comments?post=249"}],"version-history":[{"count":8,"href":"https:\/\/www.ttstufting.com.tr\/en\/wp-json\/wp\/v2\/pages\/249\/revisions"}],"predecessor-version":[{"id":618,"href":"https:\/\/www.ttstufting.com.tr\/en\/wp-json\/wp\/v2\/pages\/249\/revisions\/618"}],"wp:attachment":[{"href":"https:\/\/www.ttstufting.com.tr\/en\/wp-json\/wp\/v2\/media?parent=249"}],"curies":[{"name":"wp","href":"https:\/\/api.w.org\/{rel}","templated":true}]}}