{"id":542,"date":"2025-07-30T23:20:02","date_gmt":"2025-07-30T23:20:02","guid":{"rendered":"https:\/\/www.ttstufting.com.tr\/?page_id=542"},"modified":"2025-07-31T00:57:36","modified_gmt":"2025-07-31T00:57:36","slug":"ozel-tasarim","status":"publish","type":"page","link":"https:\/\/www.ttstufting.com.tr\/en\/hizmetlerimiz\/ozel-tasarim\/","title":{"rendered":"Custom Design"},"content":{"rendered":"<h2>\n\t\tMake a difference with custom tufting machine designs tailored to your needs.\n\t<\/h2>\n\t<p>At TTS Tufting, we offer customized design services for all tufting machines in the carpet and textile industries. Every production environment is different, and instead of limiting ourselves to standard solutions, we support these differences with completely original, high-efficiency machine designs.<\/p>\n<strong>M\u00fchendislik Odakl\u0131 Yakla\u015f\u0131m<\/strong><br \/>\nTasar\u0131m s\u00fcrecimiz, \u00fcretim hedeflerinizi ve saha ko\u015fullar\u0131n\u0131z\u0131 tam olarak anlayarak ba\u015flar. Alan\u0131nda uzman m\u00fchendis ekibimiz, end\u00fcstriyel \u00fcretim gereksinimlerine uygun \u015fekilde 3D CAD sistemleriyle \u00e7al\u0131\u015f\u0131r. \u00d6zellikle Pro Engineer (PTC Creo) gibi ileri d\u00fczey tasar\u0131m ara\u00e7lar\u0131 kullan\u0131larak milimetrik do\u011frulukta, verim odakl\u0131 \u00e7\u00f6z\u00fcmler \u00fcretilir.\n<strong>Tasar\u0131m s\u00fcre\u00e7lerinde dikkate ald\u0131\u011f\u0131m\u0131z ba\u015fl\u0131ca kriterler:<\/strong><br \/>\n\u2022 \u00dcretim kapasitesi ve hedef metrekare<br \/>\n\u2022 \u0130plik ve materyal uyumlulu\u011fu<br \/>\n\u2022 Otomasyon ihtiya\u00e7lar\u0131<br \/>\n\u2022 Makine ayak izi (floor layout) ve operat\u00f6r ergonomisi<br \/>\n\u2022 Enerji verimlili\u011fi ve bak\u0131m kolayl\u0131\u011f\u0131\n<strong>Prototip &amp; Revizyon Destekli S\u00fcre\u00e7<\/strong><br \/>\n\u0130lk \u00e7izimlerden prototip \u00fcretime kadar her a\u015fama sizinle birlikte de\u011ferlendirilir. Gerekti\u011finde h\u0131zl\u0131 revizyonlar yap\u0131l\u0131r, alternatif \u00e7\u00f6z\u00fcmler sunulur. Bu sayede y\u00fcksek maliyetli \u00fcretim hatalar\u0131n\u0131n \u00f6n\u00fcne ge\u00e7ilir.\n<p>We also offer technical feasibility support for retrofitting your existing machinery or planning new machinery investments.<\/p>\n<strong>Neden TTS Tafting ile Tasar\u0131m?<\/strong><br \/>\n-Y\u00fcksek hassasiyetli teknik \u00e7izim ve planlama<br \/>\n-\u00dcretime haz\u0131r optimize edilmi\u015f makine modelleri<br \/>\n-S\u0131f\u0131rdan tasar\u0131m veya mevcut yap\u0131ya entegre \u00e7\u00f6z\u00fcmler<br \/>\n-Uluslararas\u0131 g\u00fcvenlik ve kalite standartlar\u0131na uygunluk<br \/>\n-Tasar\u0131m sonras\u0131 \u00fcretim ve kurulum deste\u011fi","protected":false},"excerpt":{"rendered":"<p>\u0130htiyaca \u00d6zel Tufting Makinesi Tasar\u0131m\u0131yla Fark Yarat\u0131n TTS Tafting olarak, hal\u0131 ve tekstil sekt\u00f6r\u00fcne y\u00f6nelik t\u00fcm tufting makineleri i\u00e7in m\u00fc\u015fteri [&hellip;]<\/p>","protected":false},"author":2,"featured_media":0,"parent":538,"menu_order":0,"comment_status":"closed","ping_status":"open","template":"","meta":{"site-sidebar-layout":"default","site-content-layout":"","ast-site-content-layout":"default","site-content-style":"default","site-sidebar-style":"default","ast-global-header-display":"","ast-banner-title-visibility":"","ast-main-header-display":"","ast-hfb-above-header-display":"","ast-hfb-below-header-display":"","ast-hfb-mobile-header-display":"","site-post-title":"","ast-breadcrumbs-content":"","ast-featured-img":"","footer-sml-layout":"","theme-transparent-header-meta":"default","adv-header-id-meta":"","stick-header-meta":"default","header-above-stick-meta":"","header-main-stick-meta":"","header-below-stick-meta":"","astra-migrate-meta-layouts":"set","ast-page-background-enabled":"default","ast-page-background-meta":{"desktop":{"background-color":"var(--ast-global-color-4)","background-image":"","background-repeat":"repeat","background-position":"center center","background-size":"auto","background-attachment":"scroll","background-type":"","background-media":"","overlay-type":"","overlay-color":"","overlay-opacity":"","overlay-gradient":""},"tablet":{"background-color":"","background-image":"","background-repeat":"repeat","background-position":"center center","background-size":"auto","background-attachment":"scroll","background-type":"","background-media":"","overlay-type":"","overlay-color":"","overlay-opacity":"","overlay-gradient":""},"mobile":{"background-color":"","background-image":"","background-repeat":"repeat","background-position":"center center","background-size":"auto","background-attachment":"scroll","background-type":"","background-media":"","overlay-type":"","overlay-color":"","overlay-opacity":"","overlay-gradient":""}},"ast-content-background-meta":{"desktop":{"background-color":"var(--ast-global-color-5)","background-image":"","background-repeat":"repeat","background-position":"center center","background-size":"auto","background-attachment":"scroll","background-type":"","background-media":"","overlay-type":"","overlay-color":"","overlay-opacity":"","overlay-gradient":""},"tablet":{"background-color":"var(--ast-global-color-5)","background-image":"","background-repeat":"repeat","background-position":"center center","background-size":"auto","background-attachment":"scroll","background-type":"","background-media":"","overlay-type":"","overlay-color":"","overlay-opacity":"","overlay-gradient":""},"mobile":{"background-color":"var(--ast-global-color-5)","background-image":"","background-repeat":"repeat","background-position":"center center","background-size":"auto","background-attachment":"scroll","background-type":"","background-media":"","overlay-type":"","overlay-color":"","overlay-opacity":"","overlay-gradient":""}},"footnotes":""},"class_list":["post-542","page","type-page","status-publish","hentry"],"_links":{"self":[{"href":"https:\/\/www.ttstufting.com.tr\/en\/wp-json\/wp\/v2\/pages\/542","targetHints":{"allow":["GET"]}}],"collection":[{"href":"https:\/\/www.ttstufting.com.tr\/en\/wp-json\/wp\/v2\/pages"}],"about":[{"href":"https:\/\/www.ttstufting.com.tr\/en\/wp-json\/wp\/v2\/types\/page"}],"author":[{"embeddable":true,"href":"https:\/\/www.ttstufting.com.tr\/en\/wp-json\/wp\/v2\/users\/2"}],"replies":[{"embeddable":true,"href":"https:\/\/www.ttstufting.com.tr\/en\/wp-json\/wp\/v2\/comments?post=542"}],"version-history":[{"count":4,"href":"https:\/\/www.ttstufting.com.tr\/en\/wp-json\/wp\/v2\/pages\/542\/revisions"}],"predecessor-version":[{"id":587,"href":"https:\/\/www.ttstufting.com.tr\/en\/wp-json\/wp\/v2\/pages\/542\/revisions\/587"}],"up":[{"embeddable":true,"href":"https:\/\/www.ttstufting.com.tr\/en\/wp-json\/wp\/v2\/pages\/538"}],"wp:attachment":[{"href":"https:\/\/www.ttstufting.com.tr\/en\/wp-json\/wp\/v2\/media?parent=542"}],"curies":[{"name":"wp","href":"https:\/\/api.w.org\/{rel}","templated":true}]}}