{"id":543,"date":"2025-07-30T23:21:28","date_gmt":"2025-07-30T23:21:28","guid":{"rendered":"https:\/\/www.ttstufting.com.tr\/?page_id=543"},"modified":"2025-07-31T01:01:50","modified_gmt":"2025-07-31T01:01:50","slug":"uretim-ve-imalat","status":"publish","type":"page","link":"https:\/\/www.ttstufting.com.tr\/en\/hizmetlerimiz\/uretim-ve-imalat\/","title":{"rendered":"Production and Manufacturing"},"content":{"rendered":"<h2>\n\t\tStrong Engineering, High Quality, Reliable Machine Manufacturing.\n\t<\/h2>\n\t<p>At TTS Tufting, we carry out all production processes of industrial tufting machines in our own facilities, adhering to high engineering standards. From design to assembly, we adopt a quality, precision, and durability-focused approach at every stage.<\/p>\n<strong>Komple \u00dcretim S\u00fcreci<\/strong><br \/>\n\u0130htiyaca \u00f6zel tasarlanan tufting makineleri, ileri teknoloji CNC makineleriyle i\u015flenmi\u015f par\u00e7alar ve uzun \u00f6m\u00fcrl\u00fc mekanik bile\u015fenlerle \u00fcretilir. Kaynak, tala\u015fl\u0131 imalat, montaj, elektrik ve otomasyon uygulamalar\u0131 ayn\u0131 \u00e7at\u0131 alt\u0131nda birle\u015ftirilerek \u00fcretim hatalar\u0131n\u0131n ve entegrasyon problemlerinin \u00f6n\u00fcne ge\u00e7ilir.\n<strong>\u00dcretim s\u00fcre\u00e7lerimiz \u015funlar\u0131 kapsar:<\/strong><br \/>\n\u2022 Par\u00e7a i\u015fleme (CNC torna &amp; freze)<br \/>\n\u2022 \u015ease ve g\u00f6vde \u00fcretimi<br \/>\n\u2022 Mekanik montaj<br \/>\n\u2022 Elektrik ve kontrol panosu montaj\u0131<br \/>\n\u2022 Kalibrasyon ve test i\u015flemleri\n<strong>Quality Control and Testing<\/strong><br \/>\nAll machines undergo rigorous testing prior to delivery. A 100% quality control process is applied to criteria such as performance, energy consumption, vibration, and the precision of stitching and thread passage. This helps prevent potential malfunctions and productivity losses that might occur in the field.\n<strong>Her makine i\u00e7in:<\/strong><br \/>\n\u2022 Teknik \u00e7izim dosyalar\u0131<br \/>\n\u2022 Test ve do\u011frulama belgeleri<br \/>\n\u2022 Kullan\u0131m ve bak\u0131m k\u0131lavuzlar\u0131 teslim edilir.\n<strong>Neden TTS Tafting \u00dcretimi?<\/strong><br \/>\n-T\u00fcm \u00fcretim s\u00fcre\u00e7lerinde tam kontrol ve \u015feffafl\u0131k<br \/>\n-Avrupa kalite standartlar\u0131na uygunluk<br \/>\n-H\u0131zl\u0131 teslimat s\u00fcreci ve esnek \u00fcretim kapasitesi<br \/>\n-Par\u00e7a \u00fcretimi ve montajda y\u00fcksek hassasiyet<br \/>\n-Projelere \u00f6zel teknik dok\u00fcmantasyon ve teslimat","protected":false},"excerpt":{"rendered":"<p>G\u00fc\u00e7l\u00fc M\u00fchendislik, Y\u00fcksek Kalite, G\u00fcvenilir Makine \u00dcretimi TTS Tafting olarak, end\u00fcstriyel tufting makinelerinin t\u00fcm \u00fcretim s\u00fcre\u00e7lerini kendi tesislerimizde, y\u00fcksek m\u00fchendislik [&hellip;]<\/p>","protected":false},"author":2,"featured_media":0,"parent":538,"menu_order":0,"comment_status":"closed","ping_status":"open","template":"","meta":{"site-sidebar-layout":"default","site-content-layout":"","ast-site-content-layout":"default","site-content-style":"default","site-sidebar-style":"default","ast-global-header-display":"","ast-banner-title-visibility":"","ast-main-header-display":"","ast-hfb-above-header-display":"","ast-hfb-below-header-display":"","ast-hfb-mobile-header-display":"","site-post-title":"","ast-breadcrumbs-content":"","ast-featured-img":"","footer-sml-layout":"","theme-transparent-header-meta":"default","adv-header-id-meta":"","stick-header-meta":"default","header-above-stick-meta":"","header-main-stick-meta":"","header-below-stick-meta":"","astra-migrate-meta-layouts":"set","ast-page-background-enabled":"default","ast-page-background-meta":{"desktop":{"background-color":"var(--ast-global-color-4)","background-image":"","background-repeat":"repeat","background-position":"center center","background-size":"auto","background-attachment":"scroll","background-type":"","background-media":"","overlay-type":"","overlay-color":"","overlay-opacity":"","overlay-gradient":""},"tablet":{"background-color":"","background-image":"","background-repeat":"repeat","background-position":"center center","background-size":"auto","background-attachment":"scroll","background-type":"","background-media":"","overlay-type":"","overlay-color":"","overlay-opacity":"","overlay-gradient":""},"mobile":{"background-color":"","background-image":"","background-repeat":"repeat","background-position":"center center","background-size":"auto","background-attachment":"scroll","background-type":"","background-media":"","overlay-type":"","overlay-color":"","overlay-opacity":"","overlay-gradient":""}},"ast-content-background-meta":{"desktop":{"background-color":"var(--ast-global-color-5)","background-image":"","background-repeat":"repeat","background-position":"center center","background-size":"auto","background-attachment":"scroll","background-type":"","background-media":"","overlay-type":"","overlay-color":"","overlay-opacity":"","overlay-gradient":""},"tablet":{"background-color":"var(--ast-global-color-5)","background-image":"","background-repeat":"repeat","background-position":"center center","background-size":"auto","background-attachment":"scroll","background-type":"","background-media":"","overlay-type":"","overlay-color":"","overlay-opacity":"","overlay-gradient":""},"mobile":{"background-color":"var(--ast-global-color-5)","background-image":"","background-repeat":"repeat","background-position":"center center","background-size":"auto","background-attachment":"scroll","background-type":"","background-media":"","overlay-type":"","overlay-color":"","overlay-opacity":"","overlay-gradient":""}},"footnotes":""},"class_list":["post-543","page","type-page","status-publish","hentry"],"_links":{"self":[{"href":"https:\/\/www.ttstufting.com.tr\/en\/wp-json\/wp\/v2\/pages\/543","targetHints":{"allow":["GET"]}}],"collection":[{"href":"https:\/\/www.ttstufting.com.tr\/en\/wp-json\/wp\/v2\/pages"}],"about":[{"href":"https:\/\/www.ttstufting.com.tr\/en\/wp-json\/wp\/v2\/types\/page"}],"author":[{"embeddable":true,"href":"https:\/\/www.ttstufting.com.tr\/en\/wp-json\/wp\/v2\/users\/2"}],"replies":[{"embeddable":true,"href":"https:\/\/www.ttstufting.com.tr\/en\/wp-json\/wp\/v2\/comments?post=543"}],"version-history":[{"count":4,"href":"https:\/\/www.ttstufting.com.tr\/en\/wp-json\/wp\/v2\/pages\/543\/revisions"}],"predecessor-version":[{"id":589,"href":"https:\/\/www.ttstufting.com.tr\/en\/wp-json\/wp\/v2\/pages\/543\/revisions\/589"}],"up":[{"embeddable":true,"href":"https:\/\/www.ttstufting.com.tr\/en\/wp-json\/wp\/v2\/pages\/538"}],"wp:attachment":[{"href":"https:\/\/www.ttstufting.com.tr\/en\/wp-json\/wp\/v2\/media?parent=543"}],"curies":[{"name":"wp","href":"https:\/\/api.w.org\/{rel}","templated":true}]}}