{"id":561,"date":"2025-07-30T23:52:33","date_gmt":"2025-07-30T23:52:33","guid":{"rendered":"https:\/\/www.ttstufting.com.tr\/?page_id=561"},"modified":"2025-07-31T01:21:04","modified_gmt":"2025-07-31T01:21:04","slug":"modernizasyon","status":"publish","type":"page","link":"https:\/\/www.ttstufting.com.tr\/en\/modernizasyon\/","title":{"rendered":"Modernization"},"content":{"rendered":"<h2>\n\t\tRedefine Your Industrial Tufting Machines\n\t<\/h2>\n\t<strong>Neden Modernizasyon Gerekli?<\/strong><br \/>\n\u00dcretim sekt\u00f6r\u00fcnde teknoloji h\u0131zla ilerliyor. Her ge\u00e7en g\u00fcn daha verimli, daha hassas ve daha az enerji t\u00fcketen makineler \u00f6n plana \u00e7\u0131k\u0131yor. Ancak bu de\u011fi\u015fim, her \u00fcreticinin yeni bir makine parkuruna yat\u0131r\u0131m yapabilece\u011fi anlam\u0131na gelmiyor. Tam bu noktada TTS Tafting olarak sundu\u011fumuz makine modernizasyon hizmeti, devreye giriyor.\nModernizasyon; mevcut tufting makinelerinizin teknolojik, mekanik ve otomasyon a\u00e7\u0131s\u0131ndan g\u00fcncellenerek, performans ve g\u00fcvenlik standartlar\u0131n\u0131n art\u0131r\u0131lmas\u0131d\u0131r. Bu s\u00fcre\u00e7 sayesinde:<br \/>\n\u2022 \u00dcretim kapasiteniz artar<br \/>\n\u2022 Enerji t\u00fcketimi optimize edilir<br \/>\n\u2022 \u0130\u015f g\u00fcvenli\u011fi art\u0131r\u0131l\u0131r<br \/>\n\u2022 Yedek par\u00e7a temini kolayla\u015f\u0131r<br \/>\n\u2022 Makine \u00f6mr\u00fc \u00f6nemli \u00f6l\u00e7\u00fcde uzat\u0131l\u0131r<br \/>\n\u2022 Y\u00fcksek maliyetli yeni makine yat\u0131r\u0131m\u0131 ertelenir\n<strong>Modernizasyon Kapsam\u0131nda Neler Sunuyoruz?<\/strong><br \/>\n-Teknik \u0130nceleme ve De\u011ferlendirme<br \/>\nHer modernizasyon projesi, detayl\u0131 bir yerinde inceleme ile ba\u015flar. Uzman teknik ekibimiz, makinenizin:<br \/>\n\u2022 Mekanik aksamlar\u0131n\u0131<br \/>\n\u2022 Elektrik sistemlerini<br \/>\n\u2022 Otomasyon altyap\u0131s\u0131n\u0131<br \/>\n\u2022 Operasyonel verimlili\u011fini<br \/>\n\u2022 Emniyet donan\u0131mlar\u0131n\u0131<br \/>\n\u2022 Yaz\u0131l\u0131m ve kontrol arabirimlerini<br \/>\ntitizlikle inceler ve ihtiya\u00e7lar\u0131 belirler.\n-Otomasyon ve Kontrol Sistemlerinin Yenilenmesi<br \/>\nEnd\u00fcstriyel tufting makinelerinin eski kontrol sistemleri, \u00e7o\u011fu zaman ar\u0131za riskine a\u00e7\u0131k ve yedek par\u00e7as\u0131 zor bulunan yap\u0131lar i\u00e7erir. Bu alanlarda sa\u011flad\u0131\u011f\u0131m\u0131z modernizasyon ad\u0131mlar\u0131:<br \/>\n\u2022 PLC sistemlerinin g\u00fcncellenmesi<br \/>\n\u2022 Yeni nesil HMI (dokunmatik ekran) entegrasyonu<br \/>\n\u2022 Servo motorlar ve frekans inverter s\u00fcr\u00fcc\u00fclerle daha hassas hareket kontrol\u00fc<br \/>\n\u2022 Kullan\u0131c\u0131 aray\u00fcz\u00fcn\u00fcn sadele\u015ftirilmesi ve \u00e7ok dilli destek\n-Mekanik Yenileme ve \u0130yile\u015ftirme<br \/>\nY\u0131llar i\u00e7inde a\u015f\u0131nm\u0131\u015f veya performans kayb\u0131na u\u011fram\u0131\u015f olan par\u00e7alar modernize edilir ya da yenilenir:<br \/>\n\u2022 Rulmanlar, kasnaklar, miller ve di\u015fli gruplar\u0131 de\u011fi\u015fimi<br \/>\n\u2022 Lineer k\u0131lavuz sistemlerinin revizyonu<br \/>\n\u2022 Kal\u0131p ve i\u011fne sistemlerinin hassasiyet ayar\u0131<br \/>\n\u2022 Gresleme ve ya\u011flama sistemlerinin otomatikle\u015ftirilmesi\n-Enerji Verimlili\u011fi ve G\u00fcvenlik Art\u0131r\u0131m\u0131<br \/>\nModernizasyon sadece performans de\u011fil, enerji ve g\u00fcvenlik a\u00e7\u0131s\u0131ndan da ciddi kazan\u00e7 sa\u011flar:<br \/>\n\u2022 Enerji t\u00fcketimini azaltan motor ve komponent g\u00fcncellemeleri<br \/>\n\u2022 I\u015f\u0131k bariyerleri, acil durdurma sistemleri, emniyet switch&#8217;leri ile i\u015f g\u00fcvenli\u011finin art\u0131r\u0131lmas\u0131<br \/>\n\u2022 Operat\u00f6r ekranlar\u0131nda uyar\u0131 sistemleri ve hat\u0131rlat\u0131c\u0131lar<br \/>\n\u2022 CE standartlar\u0131na uygun hale getirme\n<strong>Modernizasyonun Katma De\u011feri<\/strong><br \/>\n-Yat\u0131r\u0131m Maliyetinizi Azalt\u0131n<br \/>\nYeni bir tufting makinesi yat\u0131r\u0131m maliyeti, modernizasyonun 3 ila 5 kat\u0131 kadar olabilir. TTS Tafting&#8217;in uzmanl\u0131\u011f\u0131 sayesinde, mevcut ekipmanlar\u0131n\u0131zdan maksimum verimi alarak sermaye giderlerinizi minimuma indirirsiniz.\n-\u00dcretimde Kesintisiz Devaml\u0131l\u0131k<br \/>\nModernize edilmi\u015f makineler, daha az ar\u0131za verir ve bak\u0131m ihtiyac\u0131 azal\u0131r. Bu da \u00fcretim hatt\u0131n\u0131z\u0131n kesintisiz \u00e7al\u0131\u015fmas\u0131na olanak tan\u0131r. Ayr\u0131ca modern ekipmanlar, daha az i\u015f\u00e7ilik ve daha az hata ile daha \u00e7ok i\u015f yapman\u0131z\u0131 sa\u011flar.\n-Esneklik Kazan\u0131n<br \/>\nModernize etti\u011fimiz sistemler sayesinde, makineleriniz farkl\u0131 hal\u0131 t\u00fcrleri, desen se\u00e7enekleri ve \u00f6zel \u00fcretim ihtiya\u00e7lar\u0131na daha h\u0131zl\u0131 adapte olabilir hale gelir. Bu esneklik, pazar \u00e7e\u015fitlili\u011fine daha kolay yan\u0131t vermenizi sa\u011flar.\n<strong>Neden TTS Tafting ile Modernizasyon?<\/strong><br \/>\nTTS Tafting olarak, tufting makineleri alan\u0131nda sahip oldu\u011fumuz onlarca y\u0131ll\u0131k deneyimi, modernizasyon projelerine m\u00fchendislik hassasiyetiyle aktar\u0131yoruz. Her projeyi m\u00fc\u015fteri \u00f6zelinde de\u011ferlendiriyor, \u00fcretim ihtiya\u00e7lar\u0131n\u0131za en uygun \u00e7\u00f6z\u00fcmleri sa\u011fl\u0131yoruz.<br \/>\n\u2022 Marka ba\u011f\u0131ms\u0131z modernizasyon hizmeti<br \/>\n\u2022 Avrupa standartlar\u0131nda m\u00fchendislik uygulamalar\u0131<br \/>\n\u2022 Garanti ve teknik destek hizmetleri<br \/>\n\u2022 Yerinde kurulum, test ve e\u011fitim s\u00fcre\u00e7leri<br \/>\n\u2022 Geni\u015f yedek par\u00e7a a\u011f\u0131 ve h\u0131zl\u0131 servis","protected":false},"excerpt":{"rendered":"<p>End\u00fcstriyel Tufting Makinelerinizi Yeniden Tan\u0131mlay\u0131n Neden Modernizasyon Gerekli? \u00dcretim sekt\u00f6r\u00fcnde teknoloji h\u0131zla ilerliyor. Her ge\u00e7en g\u00fcn daha verimli, daha hassas [&hellip;]<\/p>","protected":false},"author":2,"featured_media":0,"parent":0,"menu_order":0,"comment_status":"closed","ping_status":"open","template":"","meta":{"site-sidebar-layout":"default","site-content-layout":"","ast-site-content-layout":"default","site-content-style":"default","site-sidebar-style":"default","ast-global-header-display":"","ast-banner-title-visibility":"","ast-main-header-display":"","ast-hfb-above-header-display":"","ast-hfb-below-header-display":"","ast-hfb-mobile-header-display":"","site-post-title":"","ast-breadcrumbs-content":"","ast-featured-img":"","footer-sml-layout":"","theme-transparent-header-meta":"default","adv-header-id-meta":"","stick-header-meta":"default","header-above-stick-meta":"","header-main-stick-meta":"","header-below-stick-meta":"","astra-migrate-meta-layouts":"set","ast-page-background-enabled":"default","ast-page-background-meta":{"desktop":{"background-color":"var(--ast-global-color-4)","background-image":"","background-repeat":"repeat","background-position":"center center","background-size":"auto","background-attachment":"scroll","background-type":"","background-media":"","overlay-type":"","overlay-color":"","overlay-opacity":"","overlay-gradient":""},"tablet":{"background-color":"","background-image":"","background-repeat":"repeat","background-position":"center center","background-size":"auto","background-attachment":"scroll","background-type":"","background-media":"","overlay-type":"","overlay-color":"","overlay-opacity":"","overlay-gradient":""},"mobile":{"background-color":"","background-image":"","background-repeat":"repeat","background-position":"center center","background-size":"auto","background-attachment":"scroll","background-type":"","background-media":"","overlay-type":"","overlay-color":"","overlay-opacity":"","overlay-gradient":""}},"ast-content-background-meta":{"desktop":{"background-color":"var(--ast-global-color-5)","background-image":"","background-repeat":"repeat","background-position":"center center","background-size":"auto","background-attachment":"scroll","background-type":"","background-media":"","overlay-type":"","overlay-color":"","overlay-opacity":"","overlay-gradient":""},"tablet":{"background-color":"var(--ast-global-color-5)","background-image":"","background-repeat":"repeat","background-position":"center center","background-size":"auto","background-attachment":"scroll","background-type":"","background-media":"","overlay-type":"","overlay-color":"","overlay-opacity":"","overlay-gradient":""},"mobile":{"background-color":"var(--ast-global-color-5)","background-image":"","background-repeat":"repeat","background-position":"center center","background-size":"auto","background-attachment":"scroll","background-type":"","background-media":"","overlay-type":"","overlay-color":"","overlay-opacity":"","overlay-gradient":""}},"footnotes":""},"class_list":["post-561","page","type-page","status-publish","hentry"],"_links":{"self":[{"href":"https:\/\/www.ttstufting.com.tr\/en\/wp-json\/wp\/v2\/pages\/561","targetHints":{"allow":["GET"]}}],"collection":[{"href":"https:\/\/www.ttstufting.com.tr\/en\/wp-json\/wp\/v2\/pages"}],"about":[{"href":"https:\/\/www.ttstufting.com.tr\/en\/wp-json\/wp\/v2\/types\/page"}],"author":[{"embeddable":true,"href":"https:\/\/www.ttstufting.com.tr\/en\/wp-json\/wp\/v2\/users\/2"}],"replies":[{"embeddable":true,"href":"https:\/\/www.ttstufting.com.tr\/en\/wp-json\/wp\/v2\/comments?post=561"}],"version-history":[{"count":2,"href":"https:\/\/www.ttstufting.com.tr\/en\/wp-json\/wp\/v2\/pages\/561\/revisions"}],"predecessor-version":[{"id":593,"href":"https:\/\/www.ttstufting.com.tr\/en\/wp-json\/wp\/v2\/pages\/561\/revisions\/593"}],"wp:attachment":[{"href":"https:\/\/www.ttstufting.com.tr\/en\/wp-json\/wp\/v2\/media?parent=561"}],"curies":[{"name":"wp","href":"https:\/\/api.w.org\/{rel}","templated":true}]}}