{"id":650,"date":"2025-11-14T13:53:51","date_gmt":"2025-11-14T13:53:51","guid":{"rendered":"https:\/\/www.ttstufting.com.tr\/?page_id=650"},"modified":"2025-11-14T13:55:18","modified_gmt":"2025-11-14T13:55:18","slug":"android-il-dongu","status":"publish","type":"page","link":"https:\/\/www.ttstufting.com.tr\/en\/urunler\/android-il-dongu\/","title":{"rendered":"Android \u2013 IL (Loop)"},"content":{"rendered":"<h2>\n\t\tAndroid \u2013 IL (Loop)\n\t<\/h2>\n\t\t\t\t<img loading=\"lazy\" decoding=\"async\" src=\"https:\/\/www.ttstufting.com.tr\/wp-content\/uploads\/2025\/11\/product-android.jpg\" alt=\"product-android\" itemprop=\"image\" height=\"533\" width=\"800\" title=\"product-android\" onerror=\"this.style.display='none'\"  \/>\n\t<table>\n<tbody>\n<tr>\n<td>Machine Dimensions<\/td>\n<td>5\/64&#8243;GG, 1\/10&#8243;GG, 1\/8&#8243;GG, 5\/32&#8243;GG&#8230;vb.<\/td>\n<\/tr>\n<tr>\n<td>Working Width<\/td>\n<td>1M &#8211; 5M<\/td>\n<\/tr>\n<tr>\n<td>Machine Speed<\/td>\n<td>\n1200 revolutions per minute\n<\/td>\n<\/tr>\n<tr>\n<td>Choice<\/td>\n<td>\nStepper Motors or Servo Motors\n<\/td>\n<\/tr>\n<\/tbody>\n<\/table>","protected":false},"excerpt":{"rendered":"<p>Android &#8211; IL (D\u00f6ng\u00fc) Makine \u00d6l\u00e7\u00fcs\u00fc 5\/64&#8243;GG, 1\/10&#8243;GG, 1\/8&#8243;GG, 5\/32&#8243;GG&#8230;vb. \u00c7al\u0131\u015fma Geni\u015fli\u011fi 1M &#8211; 5M Makine H\u0131z\u0131 1200 devir\/dakika Se\u00e7enek [&hellip;]<\/p>","protected":false},"author":2,"featured_media":0,"parent":633,"menu_order":0,"comment_status":"closed","ping_status":"open","template":"","meta":{"site-sidebar-layout":"default","site-content-layout":"","ast-site-content-layout":"default","site-content-style":"default","site-sidebar-style":"default","ast-global-header-display":"","ast-banner-title-visibility":"","ast-main-header-display":"","ast-hfb-above-header-display":"","ast-hfb-below-header-display":"","ast-hfb-mobile-header-display":"","site-post-title":"","ast-breadcrumbs-content":"","ast-featured-img":"","footer-sml-layout":"","theme-transparent-header-meta":"default","adv-header-id-meta":"","stick-header-meta":"default","header-above-stick-meta":"","header-main-stick-meta":"","header-below-stick-meta":"","astra-migrate-meta-layouts":"set","ast-page-background-enabled":"default","ast-page-background-meta":{"desktop":{"background-color":"var(--ast-global-color-4)","background-image":"","background-repeat":"repeat","background-position":"center center","background-size":"auto","background-attachment":"scroll","background-type":"","background-media":"","overlay-type":"","overlay-color":"","overlay-opacity":"","overlay-gradient":""},"tablet":{"background-color":"","background-image":"","background-repeat":"repeat","background-position":"center center","background-size":"auto","background-attachment":"scroll","background-type":"","background-media":"","overlay-type":"","overlay-color":"","overlay-opacity":"","overlay-gradient":""},"mobile":{"background-color":"","background-image":"","background-repeat":"repeat","background-position":"center center","background-size":"auto","background-attachment":"scroll","background-type":"","background-media":"","overlay-type":"","overlay-color":"","overlay-opacity":"","overlay-gradient":""}},"ast-content-background-meta":{"desktop":{"background-color":"var(--ast-global-color-5)","background-image":"","background-repeat":"repeat","background-position":"center center","background-size":"auto","background-attachment":"scroll","background-type":"","background-media":"","overlay-type":"","overlay-color":"","overlay-opacity":"","overlay-gradient":""},"tablet":{"background-color":"var(--ast-global-color-5)","background-image":"","background-repeat":"repeat","background-position":"center center","background-size":"auto","background-attachment":"scroll","background-type":"","background-media":"","overlay-type":"","overlay-color":"","overlay-opacity":"","overlay-gradient":""},"mobile":{"background-color":"var(--ast-global-color-5)","background-image":"","background-repeat":"repeat","background-position":"center center","background-size":"auto","background-attachment":"scroll","background-type":"","background-media":"","overlay-type":"","overlay-color":"","overlay-opacity":"","overlay-gradient":""}},"footnotes":""},"class_list":["post-650","page","type-page","status-publish","hentry"],"_links":{"self":[{"href":"https:\/\/www.ttstufting.com.tr\/en\/wp-json\/wp\/v2\/pages\/650","targetHints":{"allow":["GET"]}}],"collection":[{"href":"https:\/\/www.ttstufting.com.tr\/en\/wp-json\/wp\/v2\/pages"}],"about":[{"href":"https:\/\/www.ttstufting.com.tr\/en\/wp-json\/wp\/v2\/types\/page"}],"author":[{"embeddable":true,"href":"https:\/\/www.ttstufting.com.tr\/en\/wp-json\/wp\/v2\/users\/2"}],"replies":[{"embeddable":true,"href":"https:\/\/www.ttstufting.com.tr\/en\/wp-json\/wp\/v2\/comments?post=650"}],"version-history":[{"count":2,"href":"https:\/\/www.ttstufting.com.tr\/en\/wp-json\/wp\/v2\/pages\/650\/revisions"}],"predecessor-version":[{"id":658,"href":"https:\/\/www.ttstufting.com.tr\/en\/wp-json\/wp\/v2\/pages\/650\/revisions\/658"}],"up":[{"embeddable":true,"href":"https:\/\/www.ttstufting.com.tr\/en\/wp-json\/wp\/v2\/pages\/633"}],"wp:attachment":[{"href":"https:\/\/www.ttstufting.com.tr\/en\/wp-json\/wp\/v2\/media?parent=650"}],"curies":[{"name":"wp","href":"https:\/\/api.w.org\/{rel}","templated":true}]}}