{"id":660,"date":"2025-11-14T14:02:30","date_gmt":"2025-11-14T14:02:30","guid":{"rendered":"https:\/\/www.ttstufting.com.tr\/?page_id=660"},"modified":"2025-11-14T14:06:38","modified_gmt":"2025-11-14T14:06:38","slug":"yapay-cim","status":"publish","type":"page","link":"https:\/\/www.ttstufting.com.tr\/en\/urunler\/yapay-cim\/","title":{"rendered":"Artificial Grass"},"content":{"rendered":"<h2>\n\t\tArtificial Grass\n\t<\/h2>\n\t\t\t\t<img loading=\"lazy\" decoding=\"async\" src=\"https:\/\/www.ttstufting.com.tr\/wp-content\/uploads\/2025\/11\/product-turf-scaled.jpg\" alt=\"product-turf\" itemprop=\"image\" height=\"2003\" width=\"2560\" title=\"product-turf\" onerror=\"this.style.display='none'\"  \/>\n\t<p><strong>Standard<\/strong><\/p>\n<table>\n<tbody>\n<tr>\n<td>Machine Dimensions<\/td>\n<td>\n1\/8&#8243;GG, 5\/32&#8243;GG, 3\/16&#8243;GG&#8230;vb.\n<\/td>\n<\/tr>\n<tr>\n<td>Working Width<\/td>\n<td>1M &#8211; 5M<\/td>\n<\/tr>\n<tr>\n<td>Stack Height<\/td>\n<td>6 &#8211; 35 mm<\/td>\n<\/tr>\n<tr>\n<td>Machine Speed<\/td>\n<td>\n800 revolutions per minute\n<\/td>\n<\/tr>\n<\/tbody>\n<\/table>\n<p><strong>Long Stack<\/strong><\/p>\n<table>\n<tbody>\n<tr>\n<td>Machine Dimensions<\/td>\n<td>\n5\/16&#8243;GG, 3\/8&#8243;GG, 5\/8&#8243;GG&#8230;vb.\n<\/td>\n<\/tr>\n<tr>\n<td>Working Width<\/td>\n<td>1M &#8211; 5M<\/td>\n<\/tr>\n<tr>\n<td>Stack Height<\/td>\n<td>15 &#8211; 65 mm<\/td>\n<\/tr>\n<tr>\n<td>Machine Speed<\/td>\n<td>\n450 revolutions per minute\n<\/td>\n<\/tr>\n<\/tbody>\n<\/table>","protected":false},"excerpt":{"rendered":"<p>Yapay \u00c7im Standart Makine \u00d6l\u00e7\u00fcs\u00fc 1\/8&#8243;GG, 5\/32&#8243;GG, 3\/16&#8243;GG&#8230;vb. \u00c7al\u0131\u015fma Geni\u015fli\u011fi 1M &#8211; 5M Y\u0131\u011f\u0131n Y\u00fcksekli\u011fi 6 &#8211; 35 mm Makine [&hellip;]<\/p>","protected":false},"author":2,"featured_media":0,"parent":633,"menu_order":0,"comment_status":"closed","ping_status":"open","template":"","meta":{"site-sidebar-layout":"default","site-content-layout":"","ast-site-content-layout":"default","site-content-style":"default","site-sidebar-style":"default","ast-global-header-display":"","ast-banner-title-visibility":"","ast-main-header-display":"","ast-hfb-above-header-display":"","ast-hfb-below-header-display":"","ast-hfb-mobile-header-display":"","site-post-title":"","ast-breadcrumbs-content":"","ast-featured-img":"","footer-sml-layout":"","theme-transparent-header-meta":"default","adv-header-id-meta":"","stick-header-meta":"default","header-above-stick-meta":"","header-main-stick-meta":"","header-below-stick-meta":"","astra-migrate-meta-layouts":"set","ast-page-background-enabled":"default","ast-page-background-meta":{"desktop":{"background-color":"var(--ast-global-color-4)","background-image":"","background-repeat":"repeat","background-position":"center center","background-size":"auto","background-attachment":"scroll","background-type":"","background-media":"","overlay-type":"","overlay-color":"","overlay-opacity":"","overlay-gradient":""},"tablet":{"background-color":"","background-image":"","background-repeat":"repeat","background-position":"center center","background-size":"auto","background-attachment":"scroll","background-type":"","background-media":"","overlay-type":"","overlay-color":"","overlay-opacity":"","overlay-gradient":""},"mobile":{"background-color":"","background-image":"","background-repeat":"repeat","background-position":"center center","background-size":"auto","background-attachment":"scroll","background-type":"","background-media":"","overlay-type":"","overlay-color":"","overlay-opacity":"","overlay-gradient":""}},"ast-content-background-meta":{"desktop":{"background-color":"var(--ast-global-color-5)","background-image":"","background-repeat":"repeat","background-position":"center center","background-size":"auto","background-attachment":"scroll","background-type":"","background-media":"","overlay-type":"","overlay-color":"","overlay-opacity":"","overlay-gradient":""},"tablet":{"background-color":"var(--ast-global-color-5)","background-image":"","background-repeat":"repeat","background-position":"center center","background-size":"auto","background-attachment":"scroll","background-type":"","background-media":"","overlay-type":"","overlay-color":"","overlay-opacity":"","overlay-gradient":""},"mobile":{"background-color":"var(--ast-global-color-5)","background-image":"","background-repeat":"repeat","background-position":"center center","background-size":"auto","background-attachment":"scroll","background-type":"","background-media":"","overlay-type":"","overlay-color":"","overlay-opacity":"","overlay-gradient":""}},"footnotes":""},"class_list":["post-660","page","type-page","status-publish","hentry"],"_links":{"self":[{"href":"https:\/\/www.ttstufting.com.tr\/en\/wp-json\/wp\/v2\/pages\/660","targetHints":{"allow":["GET"]}}],"collection":[{"href":"https:\/\/www.ttstufting.com.tr\/en\/wp-json\/wp\/v2\/pages"}],"about":[{"href":"https:\/\/www.ttstufting.com.tr\/en\/wp-json\/wp\/v2\/types\/page"}],"author":[{"embeddable":true,"href":"https:\/\/www.ttstufting.com.tr\/en\/wp-json\/wp\/v2\/users\/2"}],"replies":[{"embeddable":true,"href":"https:\/\/www.ttstufting.com.tr\/en\/wp-json\/wp\/v2\/comments?post=660"}],"version-history":[{"count":2,"href":"https:\/\/www.ttstufting.com.tr\/en\/wp-json\/wp\/v2\/pages\/660\/revisions"}],"predecessor-version":[{"id":668,"href":"https:\/\/www.ttstufting.com.tr\/en\/wp-json\/wp\/v2\/pages\/660\/revisions\/668"}],"up":[{"embeddable":true,"href":"https:\/\/www.ttstufting.com.tr\/en\/wp-json\/wp\/v2\/pages\/633"}],"wp:attachment":[{"href":"https:\/\/www.ttstufting.com.tr\/en\/wp-json\/wp\/v2\/media?parent=660"}],"curies":[{"name":"wp","href":"https:\/\/api.w.org\/{rel}","templated":true}]}}